{"id":50,"date":"2025-02-23T10:31:56","date_gmt":"2025-02-23T10:31:56","guid":{"rendered":"https:\/?page_id=50"},"modified":"2025-03-09T10:45:21","modified_gmt":"2025-03-09T10:45:21","slug":"hypnotherapie","status":"publish","type":"page","link":"https:\/\/christelle-vardis-psy.fr\/?page_id=50","title":{"rendered":"HYPNOTHERAPIE"},"content":{"rendered":"\t\t<div data-elementor-type=\"wp-page\" data-elementor-id=\"50\" class=\"elementor elementor-50\">\n\t\t\t\t<div data-ka-cursor-size=\"1\" class=\"elementor-element elementor-element-87a7b85 e-flex e-con-boxed wpr-particle-no wpr-jarallax-no wpr-parallax-no wpr-sticky-section-no wpr-column-slider-no wpr-equal-height-no e-con e-parent\" data-id=\"87a7b85\" data-element_type=\"container\" data-e-type=\"container\" data-settings=\"{&quot;background_background&quot;:&quot;slideshow&quot;,&quot;background_slideshow_gallery&quot;:[{&quot;id&quot;:465,&quot;url&quot;:&quot;http:\\\/\\\/christelle-vardis-psy.fr\\\/wp-content\\\/uploads\\\/2025\\\/03\\\/Autumn_Sunset_With_Geese_Over_Lake_original_1486481-scaled.jpg&quot;},{&quot;id&quot;:467,&quot;url&quot;:&quot;http:\\\/\\\/christelle-vardis-psy.fr\\\/wp-content\\\/uploads\\\/2025\\\/03\\\/Foggy_Landscape_With_Trees_original_1021849-scaled.jpg&quot;},{&quot;id&quot;:469,&quot;url&quot;:&quot;http:\\\/\\\/christelle-vardis-psy.fr\\\/wp-content\\\/uploads\\\/2025\\\/03\\\/Road_Trip_Concept._Autumn_Sundown_Above_Road_Landscape._Way_Leading_To_Horizon_original_1648916-scaled.jpg&quot;},{&quot;id&quot;:466,&quot;url&quot;:&quot;http:\\\/\\\/christelle-vardis-psy.fr\\\/wp-content\\\/uploads\\\/2025\\\/03\\\/Blooming_Aster_Perennial_Flowering_Plant_original_1266471-scaled.jpg&quot;},{&quot;id&quot;:464,&quot;url&quot;:&quot;http:\\\/\\\/christelle-vardis-psy.fr\\\/wp-content\\\/uploads\\\/2025\\\/03\\\/Autumn_In_Mountain_Park_original_958857-scaled.jpg&quot;}],&quot;background_slideshow_loop&quot;:&quot;yes&quot;,&quot;background_slideshow_slide_duration&quot;:5000,&quot;background_slideshow_slide_transition&quot;:&quot;fade&quot;,&quot;background_slideshow_transition_duration&quot;:500,&quot;kng_cursor_interaction&quot;:&quot;default&quot;,&quot;kng_cursor_magnetic&quot;:&quot;none&quot;,&quot;kng_cursor_size_multiplier&quot;:{&quot;unit&quot;:&quot;px&quot;,&quot;size&quot;:1,&quot;sizes&quot;:[]}}\">\n\t\t\t\t\t<div class=\"e-con-inner\">\n\t\t\t\t\t<\/div>\n\t\t\t\t<\/div>\n\t\t<div data-ka-cursor-size=\"1\" class=\"elementor-element elementor-element-33c4d86 e-flex e-con-boxed wpr-particle-no wpr-jarallax-no wpr-parallax-no wpr-sticky-section-no wpr-column-slider-no wpr-equal-height-no e-con e-parent\" data-id=\"33c4d86\" data-element_type=\"container\" data-e-type=\"container\" data-settings=\"{&quot;kng_cursor_interaction&quot;:&quot;default&quot;,&quot;kng_cursor_magnetic&quot;:&quot;none&quot;,&quot;kng_cursor_size_multiplier&quot;:{&quot;unit&quot;:&quot;px&quot;,&quot;size&quot;:1,&quot;sizes&quot;:[]}}\">\n\t\t\t\t\t<div class=\"e-con-inner\">\n\t\t\t\t<div data-ka-cursor-size=\"1\" class=\"elementor-element elementor-element-b33bcdc elementor-widget elementor-widget-heading\" data-id=\"b33bcdc\" data-element_type=\"widget\" data-e-type=\"widget\" data-settings=\"{&quot;kng_cursor_interaction&quot;:&quot;default&quot;,&quot;kng_cursor_magnetic&quot;:&quot;none&quot;,&quot;kng_cursor_size_multiplier&quot;:{&quot;unit&quot;:&quot;px&quot;,&quot;size&quot;:1,&quot;sizes&quot;:[]}}\" data-widget_type=\"heading.default\">\n\t\t\t\t<div class=\"elementor-widget-container\">\n\t\t\t\t\t<h2 class=\"elementor-heading-title elementor-size-default\">HYPNOTHERAPIE<\/h2>\t\t\t\t<\/div>\n\t\t\t\t<\/div>\n\t\t\t\t<div data-ka-cursor-size=\"1\" class=\"elementor-element elementor-element-fe32db7 wpr-fancy-text-zoom wpr-advanced-text-style-animated wpr-animated-text-infinite-yes elementor-widget elementor-widget-wpr-advanced-text\" data-id=\"fe32db7\" data-element_type=\"widget\" data-e-type=\"widget\" data-settings=\"{&quot;anim_loop&quot;:&quot;yes&quot;,&quot;kng_cursor_interaction&quot;:&quot;default&quot;,&quot;kng_cursor_magnetic&quot;:&quot;none&quot;,&quot;kng_cursor_size_multiplier&quot;:{&quot;unit&quot;:&quot;px&quot;,&quot;size&quot;:1,&quot;sizes&quot;:[]}}\" data-widget_type=\"wpr-advanced-text.default\">\n\t\t\t\t<div class=\"elementor-widget-container\">\n\t\t\t\t\t\n\t\t<h3 class=\"wpr-advanced-text\">\n\n\t\t\t\t\t\n\t\t\t\n\t\t<span class=\"wpr-anim-text wpr-anim-text-type-zoom\" data-anim-duration=\"1000,2000\" data-anim-loop=\"yes\">\n\t\t\t<span class=\"wpr-anim-text-inner\">\n\t\t\t\t\t\t\t\t\t<b>&quot;Notre instinct nous fait sentir qu&#039;il faut chercher notre bonheur hors de nous&quot;        <\/b>\n\t\t\t\t\t\t\t<\/span>\n\t\t\t\t\t<\/span>\n\n\t\t\t\t\t\t<span class=\"wpr-advanced-text-suffix\">B. Pascal<\/span>\n\t\t\t\t\t\n\t\t<\/h3>\n\t\t\n\t\t\t\t\t\t<\/div>\n\t\t\t\t<\/div>\n\t\t\t\t<div data-ka-cursor-size=\"1\" class=\"elementor-element elementor-element-d66126d elementor-widget elementor-widget-image\" data-id=\"d66126d\" data-element_type=\"widget\" data-e-type=\"widget\" data-settings=\"{&quot;kng_cursor_interaction&quot;:&quot;default&quot;,&quot;kng_cursor_magnetic&quot;:&quot;none&quot;,&quot;kng_cursor_size_multiplier&quot;:{&quot;unit&quot;:&quot;px&quot;,&quot;size&quot;:1,&quot;sizes&quot;:[]}}\" data-widget_type=\"image.default\">\n\t\t\t\t<div class=\"elementor-widget-container\">\n\t\t\t\t\t\t\t\t\t\t\t\t\t\t\t<img fetchpriority=\"high\" decoding=\"async\" width=\"1024\" height=\"683\" src=\"https:\/\/christelle-vardis-psy.fr\/wp-content\/uploads\/2025\/02\/Sunrise_Over_The_Ocean__Abstract_original_2259996-1024x683.jpg\" class=\"attachment-large size-large wp-image-141\" alt=\"HYPNOTHERAPIE-CHRISTELLE VARDIS\" srcset=\"https:\/\/christelle-vardis-psy.fr\/wp-content\/uploads\/2025\/02\/Sunrise_Over_The_Ocean__Abstract_original_2259996-1024x683.jpg 1024w, https:\/\/christelle-vardis-psy.fr\/wp-content\/uploads\/2025\/02\/Sunrise_Over_The_Ocean__Abstract_original_2259996-300x200.jpg 300w, https:\/\/christelle-vardis-psy.fr\/wp-content\/uploads\/2025\/02\/Sunrise_Over_The_Ocean__Abstract_original_2259996-768x512.jpg 768w, https:\/\/christelle-vardis-psy.fr\/wp-content\/uploads\/2025\/02\/Sunrise_Over_The_Ocean__Abstract_original_2259996-1536x1025.jpg 1536w, https:\/\/christelle-vardis-psy.fr\/wp-content\/uploads\/2025\/02\/Sunrise_Over_The_Ocean__Abstract_original_2259996-2048x1366.jpg 2048w\" sizes=\"(max-width: 1024px) 100vw, 1024px\" \/>\t\t\t\t\t\t\t\t\t\t\t\t\t\t\t<\/div>\n\t\t\t\t<\/div>\n\t\t\t\t<div data-ka-cursor-size=\"1\" class=\"elementor-element elementor-element-2f245e8 elementor-widget elementor-widget-text-editor\" data-id=\"2f245e8\" data-element_type=\"widget\" data-e-type=\"widget\" data-settings=\"{&quot;kng_cursor_interaction&quot;:&quot;default&quot;,&quot;kng_cursor_magnetic&quot;:&quot;none&quot;,&quot;kng_cursor_size_multiplier&quot;:{&quot;unit&quot;:&quot;px&quot;,&quot;size&quot;:1,&quot;sizes&quot;:[]}}\" data-widget_type=\"text-editor.default\">\n\t\t\t\t<div class=\"elementor-widget-container\">\n\t\t\t\t\t\t\t\t\t<p>L&rsquo;hypnoth\u00e9rapie est un outil permettant d&rsquo;aider \u00e0 r\u00e9gler un probl\u00e8me pr\u00e9cis : soulager une douleur, r\u00e9gler une phobie, apaiser une angoisse, pardonner \u00e0 quelqu&rsquo;un, se sevrer du tabac, perdre du poids, apaiser son enfant int\u00e9rieur et r\u00e9gler un pass\u00e9 trop traumatisant ou encore trop pr\u00e9sent, mettre fin \u00e0 des insomnies, apprendre \u00e0 vivre le moment pr\u00e9sent, se d\u00e9tacher du regard des autres&#8230; la liste est infinie.<\/p><p>Il existe de nombreuses id\u00e9es pr\u00e9con\u00e7ues concernant l\u2019hypnose. Dans mon cabinet nous sommes bien loin des s\u00e9ances d\u2019hypnose du showbiz. L\u2019hypnoth\u00e9rapie est avant tout une relation de confiance entre vous et moi et lors de notre premier entretien, je vous expliquerai qu\u2019i n\u2019y a rien \u00e0 craindre de ce travail th\u00e9rapeutique.<\/p><p>Sachez \u00e9galement que durant une s\u00e9ance d\u2019hypnose, vous gardez votre libre-arbitre\u00a0: vous ne faites que ce que vous voulez bien faire, vous n\u2019enregistrez que ce que vous voulez bien enregistrer.<\/p><p>C\u2019est pourquoi il est important de bien discuter avant la premi\u00e8re s\u00e9ance afin de d\u00e9finir ce que vous voulez r\u00e9ellement.<\/p><p>Je fais toujours avec vous une premi\u00e8re s\u00e9ance dite \u00ab\u00a0test\u00a0\u00bb, afin de voir comment vous r\u00e9agissez \u00e0 l\u2019hypnose, et de votre c\u00f4t\u00e9, pour vous permettre de d\u00e9couvrir le processus et de l\u00e2cher-prise. Je vous envoie ensuite cette s\u00e9ance par mail ou sur whatsapp afin que vous puissiez la r\u00e9\u00e9couter tranquillement \u00e0 la maison.<\/p>\t\t\t\t\t\t\t\t<\/div>\n\t\t\t\t<\/div>\n\t\t\t\t\t<\/div>\n\t\t\t\t<\/div>\n\t\t<div data-ka-cursor-size=\"1\" class=\"elementor-element elementor-element-52cfc69 e-flex e-con-boxed wpr-particle-no wpr-jarallax-no wpr-parallax-no wpr-sticky-section-no wpr-column-slider-no wpr-equal-height-no e-con e-parent\" data-id=\"52cfc69\" data-element_type=\"container\" data-e-type=\"container\" data-settings=\"{&quot;kng_cursor_interaction&quot;:&quot;default&quot;,&quot;kng_cursor_magnetic&quot;:&quot;none&quot;,&quot;kng_cursor_size_multiplier&quot;:{&quot;unit&quot;:&quot;px&quot;,&quot;size&quot;:1,&quot;sizes&quot;:[]}}\">\n\t\t\t\t\t<div class=\"e-con-inner\">\n\t\t\t\t<div data-ka-cursor-size=\"1\" class=\"elementor-element elementor-element-60457b9 king-addons-pricing-table-animation-none king-addons-pricing-table-heading-center elementor-widget elementor-widget-king-addons-pricing-table\" data-id=\"60457b9\" data-element_type=\"widget\" data-e-type=\"widget\" data-settings=\"{&quot;kng_cursor_interaction&quot;:&quot;default&quot;,&quot;kng_cursor_magnetic&quot;:&quot;none&quot;,&quot;kng_cursor_size_multiplier&quot;:{&quot;unit&quot;:&quot;px&quot;,&quot;size&quot;:1,&quot;sizes&quot;:[]}}\" data-widget_type=\"king-addons-pricing-table.default\">\n\t\t\t\t<div class=\"elementor-widget-container\">\n\t\t\t\t\t        <div class=\"king-addons-pricing-table\">\n                                <div class=\"elementor-repeater-item-5cc5ec1 king-addons-pricing-table-item king-addons-pricing-table-heading king-addons-pricing-table-item-first\">\n                                                        <div class=\"king-addons-pricing-table-heading-inner\">\n                                    \n                                                                            <div class=\"king-addons-pricing-table-title-wrap\">\n                                                                                            <h3 class=\"king-addons-pricing-table-title\">\n                                                    Hypnoth\u00e9rapie                                                <\/h3>\n                                                                                                                                        <span class=\"king-addons-pricing-table-sub-title\">\n                                                45 min                                            <\/span>\n                                                                                    <\/div>\n                                                                    <\/div>\n                                                    <\/div>\n                                    <div class=\"elementor-repeater-item-82f5666 king-addons-pricing-table-item king-addons-pricing-table-price\">\n                                                        <div class=\"king-addons-pricing-table-price-inner\">\n                                    \n                                    <span class=\"king-addons-pricing-table-main-price\">80<\/span><span class=\"king-addons-pricing-table-currency\">&#128;<\/span>                                <\/div>\n                                                    <\/div>\n                                    <div class=\"elementor-repeater-item-c542a52 king-addons-pricing-table-item king-addons-pricing-table-button king-addons-pricing-table-item-last\">\n                                                            <a class=\"king-addons-pricing-table-btn king-addons-button-effect king-addons-button-sweep-to-top\"\n                                        href=\"https:\/\/christelle-vardis-psy.fr\/?page_id=57\">\n                                    <span>\n                                        Prendre rendez-vous                                    <\/span>\n                                    <\/a>\n                                                        <\/div>\n                        <\/div>\n        \t\t\t\t<\/div>\n\t\t\t\t<\/div>\n\t\t\t\t\t<\/div>\n\t\t\t\t<\/div>\n\t\t\t\t<\/div>\n\t\t","protected":false},"excerpt":{"rendered":"<p>HYPNOTHERAPIE &quot;Notre instinct nous fait sentir qu&#039;il faut chercher notre bonheur hors de nous&quot; B. Pascal L&rsquo;hypnoth\u00e9rapie est un outil permettant d&rsquo;aider \u00e0 r\u00e9gler un probl\u00e8me pr\u00e9cis : soulager une douleur, r\u00e9gler une phobie, apaiser une angoisse, pardonner \u00e0 quelqu&rsquo;un, se sevrer du tabac, perdre du poids, apaiser son enfant int\u00e9rieur et r\u00e9gler un pass\u00e9 trop traumatisant ou encore trop pr\u00e9sent, mettre fin \u00e0 des insomnies, apprendre \u00e0 vivre le moment pr\u00e9sent, se d\u00e9tacher du regard des autres&#8230; la liste est infinie. Il existe de nombreuses id\u00e9es pr\u00e9con\u00e7ues concernant l\u2019hypnose. Dans mon cabinet nous sommes bien loin des s\u00e9ances d\u2019hypnose du showbiz. L\u2019hypnoth\u00e9rapie est avant tout une relation de confiance entre vous et moi et lors de notre premier entretien, je vous expliquerai qu\u2019i n\u2019y a rien \u00e0 craindre de ce travail th\u00e9rapeutique. Sachez \u00e9galement que durant une s\u00e9ance d\u2019hypnose, vous gardez votre libre-arbitre\u00a0: vous ne faites que ce que vous voulez bien faire, vous n\u2019enregistrez que ce que vous voulez bien enregistrer. C\u2019est pourquoi il est important de bien discuter avant la premi\u00e8re s\u00e9ance afin de d\u00e9finir ce que vous voulez r\u00e9ellement. Je fais toujours avec vous une premi\u00e8re s\u00e9ance dite \u00ab\u00a0test\u00a0\u00bb, afin de voir comment vous r\u00e9agissez \u00e0 l\u2019hypnose, et de votre c\u00f4t\u00e9, pour vous permettre de d\u00e9couvrir le processus et de l\u00e2cher-prise. Je vous envoie ensuite cette s\u00e9ance par mail ou sur whatsapp afin que vous puissiez la r\u00e9\u00e9couter tranquillement \u00e0 la maison. Hypnoth\u00e9rapie 45 min 80&#8364; Prendre rendez-vous<\/p>\n","protected":false},"author":1,"featured_media":0,"parent":0,"menu_order":0,"comment_status":"closed","ping_status":"closed","template":"","meta":{"site-sidebar-layout":"no-sidebar","site-content-layout":"","ast-site-content-layout":"full-width-container","site-content-style":"default","site-sidebar-style":"default","ast-global-header-display":"","ast-banner-title-visibility":"","ast-main-header-display":"","ast-hfb-above-header-display":"","ast-hfb-below-header-display":"","ast-hfb-mobile-header-display":"","site-post-title":"disabled","ast-breadcrumbs-content":"","ast-featured-img":"disabled","footer-sml-layout":"","ast-disable-related-posts":"","theme-transparent-header-meta":"","adv-header-id-meta":"","stick-header-meta":"","header-above-stick-meta":"","header-main-stick-meta":"","header-below-stick-meta":"","astra-migrate-meta-layouts":"default","ast-page-background-enabled":"default","ast-page-background-meta":{"desktop":{"background-color":"var(--ast-global-color-5)","background-image":"","background-repeat":"repeat","background-position":"center center","background-size":"auto","background-attachment":"scroll","background-type":"","background-media":"","overlay-type":"","overlay-color":"","overlay-opacity":"","overlay-gradient":""},"tablet":{"background-color":"","background-image":"","background-repeat":"repeat","background-position":"center center","background-size":"auto","background-attachment":"scroll","background-type":"","background-media":"","overlay-type":"","overlay-color":"","overlay-opacity":"","overlay-gradient":""},"mobile":{"background-color":"","background-image":"","background-repeat":"repeat","background-position":"center center","background-size":"auto","background-attachment":"scroll","background-type":"","background-media":"","overlay-type":"","overlay-color":"","overlay-opacity":"","overlay-gradient":""}},"ast-content-background-meta":{"desktop":{"background-color":"var(--ast-global-color-4)","background-image":"","background-repeat":"repeat","background-position":"center center","background-size":"auto","background-attachment":"scroll","background-type":"","background-media":"","overlay-type":"","overlay-color":"","overlay-opacity":"","overlay-gradient":""},"tablet":{"background-color":"var(--ast-global-color-4)","background-image":"","background-repeat":"repeat","background-position":"center center","background-size":"auto","background-attachment":"scroll","background-type":"","background-media":"","overlay-type":"","overlay-color":"","overlay-opacity":"","overlay-gradient":""},"mobile":{"background-color":"var(--ast-global-color-4)","background-image":"","background-repeat":"repeat","background-position":"center center","background-size":"auto","background-attachment":"scroll","background-type":"","background-media":"","overlay-type":"","overlay-color":"","overlay-opacity":"","overlay-gradient":""}},"footnotes":""},"class_list":["post-50","page","type-page","status-publish","hentry"],"yoast_head":"<!-- This site is optimized with the Yoast SEO plugin v27.4 - https:\/\/yoast.com\/product\/yoast-seo-wordpress\/ -->\n<title>HYPNOTHERAPIE - Christelle Vardis<\/title>\n<meta name=\"description\" content=\"L&#039;hypnoth\u00e9rapie aide \u00e0 r\u00e9soudre divers probl\u00e8mes : douleurs, phobies, angoisses, sevrage tabagique, perte de poids, insomnies et bien plus encore.\" \/>\n<meta name=\"robots\" content=\"index, follow, max-snippet:-1, max-image-preview:large, max-video-preview:-1\" \/>\n<link rel=\"canonical\" href=\"https:\/\/christelle-vardis-psy.fr\/?page_id=50\" \/>\n<meta property=\"og:locale\" content=\"fr_FR\" \/>\n<meta property=\"og:type\" content=\"article\" \/>\n<meta property=\"og:title\" content=\"HYPNOTHERAPIE - Christelle Vardis\" \/>\n<meta property=\"og:description\" content=\"L&#039;hypnoth\u00e9rapie aide \u00e0 r\u00e9soudre divers probl\u00e8mes : douleurs, phobies, angoisses, sevrage tabagique, perte de poids, insomnies et bien plus encore.\" \/>\n<meta property=\"og:url\" content=\"https:\/\/christelle-vardis-psy.fr\/?page_id=50\" \/>\n<meta property=\"article:modified_time\" content=\"2025-03-09T10:45:21+00:00\" \/>\n<meta property=\"og:image\" content=\"http:\/\/christelle-vardis-psy.fr\/wp-content\/uploads\/2025\/02\/Sunrise_Over_The_Ocean__Abstract_original_2259996-1024x683.jpg\" \/>\n<meta name=\"twitter:card\" content=\"summary_large_image\" \/>\n<meta name=\"twitter:label1\" content=\"Dur\u00e9e de lecture estim\u00e9e\" \/>\n\t<meta name=\"twitter:data1\" content=\"2 minutes\" \/>\n<script type=\"application\/ld+json\" class=\"yoast-schema-graph\">{\"@context\":\"https:\\\/\\\/schema.org\",\"@graph\":[{\"@type\":\"WebPage\",\"@id\":\"https:\\\/\\\/christelle-vardis-psy.fr\\\/?page_id=50\",\"url\":\"https:\\\/\\\/christelle-vardis-psy.fr\\\/?page_id=50\",\"name\":\"HYPNOTHERAPIE - Christelle Vardis\",\"isPartOf\":{\"@id\":\"https:\\\/\\\/www.christelle-vardis-psy.fr\\\/#website\"},\"primaryImageOfPage\":{\"@id\":\"https:\\\/\\\/christelle-vardis-psy.fr\\\/?page_id=50#primaryimage\"},\"image\":{\"@id\":\"https:\\\/\\\/christelle-vardis-psy.fr\\\/?page_id=50#primaryimage\"},\"thumbnailUrl\":\"http:\\\/\\\/christelle-vardis-psy.fr\\\/wp-content\\\/uploads\\\/2025\\\/02\\\/Sunrise_Over_The_Ocean__Abstract_original_2259996-1024x683.jpg\",\"datePublished\":\"2025-02-23T10:31:56+00:00\",\"dateModified\":\"2025-03-09T10:45:21+00:00\",\"description\":\"L'hypnoth\u00e9rapie aide \u00e0 r\u00e9soudre divers probl\u00e8mes : douleurs, phobies, angoisses, sevrage tabagique, perte de poids, insomnies et bien plus encore.\",\"breadcrumb\":{\"@id\":\"https:\\\/\\\/christelle-vardis-psy.fr\\\/?page_id=50#breadcrumb\"},\"inLanguage\":\"fr-FR\",\"potentialAction\":[{\"@type\":\"ReadAction\",\"target\":[\"https:\\\/\\\/christelle-vardis-psy.fr\\\/?page_id=50\"]}]},{\"@type\":\"ImageObject\",\"inLanguage\":\"fr-FR\",\"@id\":\"https:\\\/\\\/christelle-vardis-psy.fr\\\/?page_id=50#primaryimage\",\"url\":\"https:\\\/\\\/christelle-vardis-psy.fr\\\/wp-content\\\/uploads\\\/2025\\\/02\\\/Sunrise_Over_The_Ocean__Abstract_original_2259996-scaled.jpg\",\"contentUrl\":\"https:\\\/\\\/christelle-vardis-psy.fr\\\/wp-content\\\/uploads\\\/2025\\\/02\\\/Sunrise_Over_The_Ocean__Abstract_original_2259996-scaled.jpg\",\"width\":2560,\"height\":1708,\"caption\":\"HYPNOTHERAPIE-CHRISTELLE VARDIS\"},{\"@type\":\"BreadcrumbList\",\"@id\":\"https:\\\/\\\/christelle-vardis-psy.fr\\\/?page_id=50#breadcrumb\",\"itemListElement\":[{\"@type\":\"ListItem\",\"position\":1,\"name\":\"Accueil\",\"item\":\"https:\\\/\\\/www.christelle-vardis-psy.fr\\\/\"},{\"@type\":\"ListItem\",\"position\":2,\"name\":\"HYPNOTHERAPIE\"}]},{\"@type\":\"WebSite\",\"@id\":\"https:\\\/\\\/www.christelle-vardis-psy.fr\\\/#website\",\"url\":\"https:\\\/\\\/www.christelle-vardis-psy.fr\\\/\",\"name\":\"\",\"description\":\"\",\"potentialAction\":[{\"@type\":\"SearchAction\",\"target\":{\"@type\":\"EntryPoint\",\"urlTemplate\":\"https:\\\/\\\/www.christelle-vardis-psy.fr\\\/?s={search_term_string}\"},\"query-input\":{\"@type\":\"PropertyValueSpecification\",\"valueRequired\":true,\"valueName\":\"search_term_string\"}}],\"inLanguage\":\"fr-FR\"}]}<\/script>\n<!-- \/ Yoast SEO plugin. -->","yoast_head_json":{"title":"HYPNOTHERAPIE - Christelle Vardis","description":"L'hypnoth\u00e9rapie aide \u00e0 r\u00e9soudre divers probl\u00e8mes : douleurs, phobies, angoisses, sevrage tabagique, perte de poids, insomnies et bien plus encore.","robots":{"index":"index","follow":"follow","max-snippet":"max-snippet:-1","max-image-preview":"max-image-preview:large","max-video-preview":"max-video-preview:-1"},"canonical":"https:\/\/christelle-vardis-psy.fr\/?page_id=50","og_locale":"fr_FR","og_type":"article","og_title":"HYPNOTHERAPIE - Christelle Vardis","og_description":"L'hypnoth\u00e9rapie aide \u00e0 r\u00e9soudre divers probl\u00e8mes : douleurs, phobies, angoisses, sevrage tabagique, perte de poids, insomnies et bien plus encore.","og_url":"https:\/\/christelle-vardis-psy.fr\/?page_id=50","article_modified_time":"2025-03-09T10:45:21+00:00","og_image":[{"url":"http:\/\/christelle-vardis-psy.fr\/wp-content\/uploads\/2025\/02\/Sunrise_Over_The_Ocean__Abstract_original_2259996-1024x683.jpg","type":"","width":"","height":""}],"twitter_card":"summary_large_image","twitter_misc":{"Dur\u00e9e de lecture estim\u00e9e":"2 minutes"},"schema":{"@context":"https:\/\/schema.org","@graph":[{"@type":"WebPage","@id":"https:\/\/christelle-vardis-psy.fr\/?page_id=50","url":"https:\/\/christelle-vardis-psy.fr\/?page_id=50","name":"HYPNOTHERAPIE - Christelle Vardis","isPartOf":{"@id":"https:\/\/www.christelle-vardis-psy.fr\/#website"},"primaryImageOfPage":{"@id":"https:\/\/christelle-vardis-psy.fr\/?page_id=50#primaryimage"},"image":{"@id":"https:\/\/christelle-vardis-psy.fr\/?page_id=50#primaryimage"},"thumbnailUrl":"http:\/\/christelle-vardis-psy.fr\/wp-content\/uploads\/2025\/02\/Sunrise_Over_The_Ocean__Abstract_original_2259996-1024x683.jpg","datePublished":"2025-02-23T10:31:56+00:00","dateModified":"2025-03-09T10:45:21+00:00","description":"L'hypnoth\u00e9rapie aide \u00e0 r\u00e9soudre divers probl\u00e8mes : douleurs, phobies, angoisses, sevrage tabagique, perte de poids, insomnies et bien plus encore.","breadcrumb":{"@id":"https:\/\/christelle-vardis-psy.fr\/?page_id=50#breadcrumb"},"inLanguage":"fr-FR","potentialAction":[{"@type":"ReadAction","target":["https:\/\/christelle-vardis-psy.fr\/?page_id=50"]}]},{"@type":"ImageObject","inLanguage":"fr-FR","@id":"https:\/\/christelle-vardis-psy.fr\/?page_id=50#primaryimage","url":"https:\/\/christelle-vardis-psy.fr\/wp-content\/uploads\/2025\/02\/Sunrise_Over_The_Ocean__Abstract_original_2259996-scaled.jpg","contentUrl":"https:\/\/christelle-vardis-psy.fr\/wp-content\/uploads\/2025\/02\/Sunrise_Over_The_Ocean__Abstract_original_2259996-scaled.jpg","width":2560,"height":1708,"caption":"HYPNOTHERAPIE-CHRISTELLE VARDIS"},{"@type":"BreadcrumbList","@id":"https:\/\/christelle-vardis-psy.fr\/?page_id=50#breadcrumb","itemListElement":[{"@type":"ListItem","position":1,"name":"Accueil","item":"https:\/\/www.christelle-vardis-psy.fr\/"},{"@type":"ListItem","position":2,"name":"HYPNOTHERAPIE"}]},{"@type":"WebSite","@id":"https:\/\/www.christelle-vardis-psy.fr\/#website","url":"https:\/\/www.christelle-vardis-psy.fr\/","name":"","description":"","potentialAction":[{"@type":"SearchAction","target":{"@type":"EntryPoint","urlTemplate":"https:\/\/www.christelle-vardis-psy.fr\/?s={search_term_string}"},"query-input":{"@type":"PropertyValueSpecification","valueRequired":true,"valueName":"search_term_string"}}],"inLanguage":"fr-FR"}]}},"_links":{"self":[{"href":"https:\/\/christelle-vardis-psy.fr\/index.php?rest_route=\/wp\/v2\/pages\/50","targetHints":{"allow":["GET"]}}],"collection":[{"href":"https:\/\/christelle-vardis-psy.fr\/index.php?rest_route=\/wp\/v2\/pages"}],"about":[{"href":"https:\/\/christelle-vardis-psy.fr\/index.php?rest_route=\/wp\/v2\/types\/page"}],"author":[{"embeddable":true,"href":"https:\/\/christelle-vardis-psy.fr\/index.php?rest_route=\/wp\/v2\/users\/1"}],"replies":[{"embeddable":true,"href":"https:\/\/christelle-vardis-psy.fr\/index.php?rest_route=%2Fwp%2Fv2%2Fcomments&post=50"}],"version-history":[{"count":55,"href":"https:\/\/christelle-vardis-psy.fr\/index.php?rest_route=\/wp\/v2\/pages\/50\/revisions"}],"predecessor-version":[{"id":1031,"href":"https:\/\/christelle-vardis-psy.fr\/index.php?rest_route=\/wp\/v2\/pages\/50\/revisions\/1031"}],"wp:attachment":[{"href":"https:\/\/christelle-vardis-psy.fr\/index.php?rest_route=%2Fwp%2Fv2%2Fmedia&parent=50"}],"curies":[{"name":"wp","href":"https:\/\/api.w.org\/{rel}","templated":true}]}}