{"id":57,"date":"2025-02-23T10:34:53","date_gmt":"2025-02-23T10:34:53","guid":{"rendered":"https:\/?page_id=57"},"modified":"2025-03-06T11:21:20","modified_gmt":"2025-03-06T11:21:20","slug":"prendre-rendez-vous","status":"publish","type":"page","link":"https:\/\/christelle-vardis-psy.fr\/?page_id=57","title":{"rendered":"PRENDRE RENDEZ-VOUS"},"content":{"rendered":"\t\t<div data-elementor-type=\"wp-page\" data-elementor-id=\"57\" class=\"elementor elementor-57\">\n\t\t\t\t<div data-ka-cursor-size=\"1\" class=\"elementor-element elementor-element-5adf4ce e-flex e-con-boxed wpr-particle-no wpr-jarallax-no wpr-parallax-no wpr-sticky-section-no wpr-column-slider-no wpr-equal-height-no e-con e-parent\" data-id=\"5adf4ce\" data-element_type=\"container\" data-e-type=\"container\" data-settings=\"{&quot;background_background&quot;:&quot;slideshow&quot;,&quot;background_slideshow_gallery&quot;:[{&quot;id&quot;:465,&quot;url&quot;:&quot;http:\\\/\\\/christelle-vardis-psy.fr\\\/wp-content\\\/uploads\\\/2025\\\/03\\\/Autumn_Sunset_With_Geese_Over_Lake_original_1486481-scaled.jpg&quot;},{&quot;id&quot;:467,&quot;url&quot;:&quot;http:\\\/\\\/christelle-vardis-psy.fr\\\/wp-content\\\/uploads\\\/2025\\\/03\\\/Foggy_Landscape_With_Trees_original_1021849-scaled.jpg&quot;},{&quot;id&quot;:469,&quot;url&quot;:&quot;http:\\\/\\\/christelle-vardis-psy.fr\\\/wp-content\\\/uploads\\\/2025\\\/03\\\/Road_Trip_Concept._Autumn_Sundown_Above_Road_Landscape._Way_Leading_To_Horizon_original_1648916-scaled.jpg&quot;},{&quot;id&quot;:466,&quot;url&quot;:&quot;http:\\\/\\\/christelle-vardis-psy.fr\\\/wp-content\\\/uploads\\\/2025\\\/03\\\/Blooming_Aster_Perennial_Flowering_Plant_original_1266471-scaled.jpg&quot;},{&quot;id&quot;:464,&quot;url&quot;:&quot;http:\\\/\\\/christelle-vardis-psy.fr\\\/wp-content\\\/uploads\\\/2025\\\/03\\\/Autumn_In_Mountain_Park_original_958857-scaled.jpg&quot;}],&quot;background_slideshow_loop&quot;:&quot;yes&quot;,&quot;background_slideshow_slide_duration&quot;:5000,&quot;background_slideshow_slide_transition&quot;:&quot;fade&quot;,&quot;background_slideshow_transition_duration&quot;:500,&quot;kng_cursor_interaction&quot;:&quot;default&quot;,&quot;kng_cursor_magnetic&quot;:&quot;none&quot;,&quot;kng_cursor_size_multiplier&quot;:{&quot;unit&quot;:&quot;px&quot;,&quot;size&quot;:1,&quot;sizes&quot;:[]}}\">\n\t\t\t\t\t<div class=\"e-con-inner\">\n\t\t\t\t\t<\/div>\n\t\t\t\t<\/div>\n\t\t<div data-ka-cursor-size=\"1\" class=\"elementor-element elementor-element-a11aabb e-flex e-con-boxed wpr-particle-no wpr-jarallax-no wpr-parallax-no wpr-sticky-section-no wpr-column-slider-no wpr-equal-height-no e-con e-parent\" data-id=\"a11aabb\" data-element_type=\"container\" data-e-type=\"container\" data-settings=\"{&quot;kng_cursor_interaction&quot;:&quot;default&quot;,&quot;kng_cursor_magnetic&quot;:&quot;none&quot;,&quot;kng_cursor_size_multiplier&quot;:{&quot;unit&quot;:&quot;px&quot;,&quot;size&quot;:1,&quot;sizes&quot;:[]}}\">\n\t\t\t\t\t<div class=\"e-con-inner\">\n\t\t\t\t<div data-ka-cursor-size=\"1\" class=\"elementor-element elementor-element-04a3efc elementor-widget elementor-widget-heading\" data-id=\"04a3efc\" data-element_type=\"widget\" data-e-type=\"widget\" data-settings=\"{&quot;kng_cursor_interaction&quot;:&quot;default&quot;,&quot;kng_cursor_magnetic&quot;:&quot;none&quot;,&quot;kng_cursor_size_multiplier&quot;:{&quot;unit&quot;:&quot;px&quot;,&quot;size&quot;:1,&quot;sizes&quot;:[]}}\" data-widget_type=\"heading.default\">\n\t\t\t\t<div class=\"elementor-widget-container\">\n\t\t\t\t\t<h2 class=\"elementor-heading-title elementor-size-default\">Calendrier de R\u00e9servation bient\u00f4t disponible<\/h2>\t\t\t\t<\/div>\n\t\t\t\t<\/div>\n\t\t\t\t<div data-ka-cursor-size=\"1\" class=\"elementor-element elementor-element-7ab0809 elementor-widget elementor-widget-text-editor\" data-id=\"7ab0809\" data-element_type=\"widget\" data-e-type=\"widget\" data-settings=\"{&quot;kng_cursor_interaction&quot;:&quot;default&quot;,&quot;kng_cursor_magnetic&quot;:&quot;none&quot;,&quot;kng_cursor_size_multiplier&quot;:{&quot;unit&quot;:&quot;px&quot;,&quot;size&quot;:1,&quot;sizes&quot;:[]}}\" data-widget_type=\"text-editor.default\">\n\t\t\t\t<div class=\"elementor-widget-container\">\n\t\t\t\t\t\t\t\t\t<p>En attendant veuillez me contacter par t\u00e9l\u00e9phone ou SMS au 06 73 77 55 84<\/p><p>ou par le formulaire de contact.<\/p><p>Merci<\/p>\t\t\t\t\t\t\t\t<\/div>\n\t\t\t\t<\/div>\n\t\t\t\t<div data-ka-cursor-size=\"1\" class=\"elementor-element elementor-element-2255889 elementor-align-center elementor-widget elementor-widget-button\" data-id=\"2255889\" data-element_type=\"widget\" data-e-type=\"widget\" data-settings=\"{&quot;kng_cursor_interaction&quot;:&quot;default&quot;,&quot;kng_cursor_magnetic&quot;:&quot;none&quot;,&quot;kng_cursor_size_multiplier&quot;:{&quot;unit&quot;:&quot;px&quot;,&quot;size&quot;:1,&quot;sizes&quot;:[]}}\" data-widget_type=\"button.default\">\n\t\t\t\t<div class=\"elementor-widget-container\">\n\t\t\t\t\t\t\t\t\t<div class=\"elementor-button-wrapper\">\n\t\t\t\t\t<a class=\"elementor-button elementor-button-link elementor-size-sm elementor-animation-float\" href=\"https:\/\/christelle-vardis-psy.fr\/?page_id=59\">\n\t\t\t\t\t\t<span class=\"elementor-button-content-wrapper\">\n\t\t\t\t\t\t\t\t\t<span class=\"elementor-button-text\">Me contacter<\/span>\n\t\t\t\t\t<\/span>\n\t\t\t\t\t<\/a>\n\t\t\t\t<\/div>\n\t\t\t\t\t\t\t\t<\/div>\n\t\t\t\t<\/div>\n\t\t\t\t\t<\/div>\n\t\t\t\t<\/div>\n\t\t\t\t<\/div>\n\t\t","protected":false},"excerpt":{"rendered":"<p>Calendrier de R\u00e9servation bient\u00f4t disponible En attendant veuillez me contacter par t\u00e9l\u00e9phone ou SMS au 06 73 77 55 84 ou par le formulaire de contact. Merci Me contacter<\/p>\n","protected":false},"author":1,"featured_media":0,"parent":0,"menu_order":0,"comment_status":"closed","ping_status":"closed","template":"","meta":{"site-sidebar-layout":"no-sidebar","site-content-layout":"","ast-site-content-layout":"full-width-container","site-content-style":"default","site-sidebar-style":"default","ast-global-header-display":"","ast-banner-title-visibility":"","ast-main-header-display":"","ast-hfb-above-header-display":"","ast-hfb-below-header-display":"","ast-hfb-mobile-header-display":"","site-post-title":"disabled","ast-breadcrumbs-content":"","ast-featured-img":"disabled","footer-sml-layout":"","ast-disable-related-posts":"","theme-transparent-header-meta":"","adv-header-id-meta":"","stick-header-meta":"","header-above-stick-meta":"","header-main-stick-meta":"","header-below-stick-meta":"","astra-migrate-meta-layouts":"default","ast-page-background-enabled":"default","ast-page-background-meta":{"desktop":{"background-color":"var(--ast-global-color-5)","background-image":"","background-repeat":"repeat","background-position":"center center","background-size":"auto","background-attachment":"scroll","background-type":"","background-media":"","overlay-type":"","overlay-color":"","overlay-opacity":"","overlay-gradient":""},"tablet":{"background-color":"","background-image":"","background-repeat":"repeat","background-position":"center center","background-size":"auto","background-attachment":"scroll","background-type":"","background-media":"","overlay-type":"","overlay-color":"","overlay-opacity":"","overlay-gradient":""},"mobile":{"background-color":"","background-image":"","background-repeat":"repeat","background-position":"center center","background-size":"auto","background-attachment":"scroll","background-type":"","background-media":"","overlay-type":"","overlay-color":"","overlay-opacity":"","overlay-gradient":""}},"ast-content-background-meta":{"desktop":{"background-color":"var(--ast-global-color-4)","background-image":"","background-repeat":"repeat","background-position":"center center","background-size":"auto","background-attachment":"scroll","background-type":"","background-media":"","overlay-type":"","overlay-color":"","overlay-opacity":"","overlay-gradient":""},"tablet":{"background-color":"var(--ast-global-color-4)","background-image":"","background-repeat":"repeat","background-position":"center center","background-size":"auto","background-attachment":"scroll","background-type":"","background-media":"","overlay-type":"","overlay-color":"","overlay-opacity":"","overlay-gradient":""},"mobile":{"background-color":"var(--ast-global-color-4)","background-image":"","background-repeat":"repeat","background-position":"center center","background-size":"auto","background-attachment":"scroll","background-type":"","background-media":"","overlay-type":"","overlay-color":"","overlay-opacity":"","overlay-gradient":""}},"footnotes":""},"class_list":["post-57","page","type-page","status-publish","hentry"],"yoast_head":"<!-- This site is optimized with the Yoast SEO plugin v27.4 - https:\/\/yoast.com\/product\/yoast-seo-wordpress\/ -->\n<title>PRENDRE RENDEZ-VOUS -<\/title>\n<meta name=\"robots\" content=\"index, follow, max-snippet:-1, max-image-preview:large, max-video-preview:-1\" \/>\n<link rel=\"canonical\" href=\"https:\/\/www.christelle-vardis-psy.fr\/?page_id=57\" \/>\n<meta property=\"og:locale\" content=\"fr_FR\" \/>\n<meta property=\"og:type\" content=\"article\" \/>\n<meta property=\"og:title\" content=\"PRENDRE RENDEZ-VOUS -\" \/>\n<meta property=\"og:description\" content=\"Calendrier de R\u00e9servation bient\u00f4t disponible En attendant veuillez me contacter par t\u00e9l\u00e9phone ou SMS au 06 73 77 55 84 ou par le formulaire de contact. Merci Me contacter\" \/>\n<meta property=\"og:url\" content=\"https:\/\/www.christelle-vardis-psy.fr\/?page_id=57\" \/>\n<meta property=\"article:modified_time\" content=\"2025-03-06T11:21:20+00:00\" \/>\n<meta name=\"twitter:card\" content=\"summary_large_image\" \/>\n<meta name=\"twitter:label1\" content=\"Dur\u00e9e de lecture estim\u00e9e\" \/>\n\t<meta name=\"twitter:data1\" content=\"1 minute\" \/>\n<script type=\"application\/ld+json\" class=\"yoast-schema-graph\">{\"@context\":\"https:\\\/\\\/schema.org\",\"@graph\":[{\"@type\":\"WebPage\",\"@id\":\"https:\\\/\\\/www.christelle-vardis-psy.fr\\\/?page_id=57\",\"url\":\"https:\\\/\\\/www.christelle-vardis-psy.fr\\\/?page_id=57\",\"name\":\"PRENDRE RENDEZ-VOUS -\",\"isPartOf\":{\"@id\":\"https:\\\/\\\/www.christelle-vardis-psy.fr\\\/#website\"},\"datePublished\":\"2025-02-23T10:34:53+00:00\",\"dateModified\":\"2025-03-06T11:21:20+00:00\",\"breadcrumb\":{\"@id\":\"https:\\\/\\\/www.christelle-vardis-psy.fr\\\/?page_id=57#breadcrumb\"},\"inLanguage\":\"fr-FR\",\"potentialAction\":[{\"@type\":\"ReadAction\",\"target\":[\"https:\\\/\\\/www.christelle-vardis-psy.fr\\\/?page_id=57\"]}]},{\"@type\":\"BreadcrumbList\",\"@id\":\"https:\\\/\\\/www.christelle-vardis-psy.fr\\\/?page_id=57#breadcrumb\",\"itemListElement\":[{\"@type\":\"ListItem\",\"position\":1,\"name\":\"Accueil\",\"item\":\"https:\\\/\\\/www.christelle-vardis-psy.fr\\\/\"},{\"@type\":\"ListItem\",\"position\":2,\"name\":\"PRENDRE RENDEZ-VOUS\"}]},{\"@type\":\"WebSite\",\"@id\":\"https:\\\/\\\/www.christelle-vardis-psy.fr\\\/#website\",\"url\":\"https:\\\/\\\/www.christelle-vardis-psy.fr\\\/\",\"name\":\"\",\"description\":\"\",\"potentialAction\":[{\"@type\":\"SearchAction\",\"target\":{\"@type\":\"EntryPoint\",\"urlTemplate\":\"https:\\\/\\\/www.christelle-vardis-psy.fr\\\/?s={search_term_string}\"},\"query-input\":{\"@type\":\"PropertyValueSpecification\",\"valueRequired\":true,\"valueName\":\"search_term_string\"}}],\"inLanguage\":\"fr-FR\"}]}<\/script>\n<!-- \/ Yoast SEO plugin. -->","yoast_head_json":{"title":"PRENDRE RENDEZ-VOUS -","robots":{"index":"index","follow":"follow","max-snippet":"max-snippet:-1","max-image-preview":"max-image-preview:large","max-video-preview":"max-video-preview:-1"},"canonical":"https:\/\/www.christelle-vardis-psy.fr\/?page_id=57","og_locale":"fr_FR","og_type":"article","og_title":"PRENDRE RENDEZ-VOUS -","og_description":"Calendrier de R\u00e9servation bient\u00f4t disponible En attendant veuillez me contacter par t\u00e9l\u00e9phone ou SMS au 06 73 77 55 84 ou par le formulaire de contact. Merci Me contacter","og_url":"https:\/\/www.christelle-vardis-psy.fr\/?page_id=57","article_modified_time":"2025-03-06T11:21:20+00:00","twitter_card":"summary_large_image","twitter_misc":{"Dur\u00e9e de lecture estim\u00e9e":"1 minute"},"schema":{"@context":"https:\/\/schema.org","@graph":[{"@type":"WebPage","@id":"https:\/\/www.christelle-vardis-psy.fr\/?page_id=57","url":"https:\/\/www.christelle-vardis-psy.fr\/?page_id=57","name":"PRENDRE RENDEZ-VOUS -","isPartOf":{"@id":"https:\/\/www.christelle-vardis-psy.fr\/#website"},"datePublished":"2025-02-23T10:34:53+00:00","dateModified":"2025-03-06T11:21:20+00:00","breadcrumb":{"@id":"https:\/\/www.christelle-vardis-psy.fr\/?page_id=57#breadcrumb"},"inLanguage":"fr-FR","potentialAction":[{"@type":"ReadAction","target":["https:\/\/www.christelle-vardis-psy.fr\/?page_id=57"]}]},{"@type":"BreadcrumbList","@id":"https:\/\/www.christelle-vardis-psy.fr\/?page_id=57#breadcrumb","itemListElement":[{"@type":"ListItem","position":1,"name":"Accueil","item":"https:\/\/www.christelle-vardis-psy.fr\/"},{"@type":"ListItem","position":2,"name":"PRENDRE RENDEZ-VOUS"}]},{"@type":"WebSite","@id":"https:\/\/www.christelle-vardis-psy.fr\/#website","url":"https:\/\/www.christelle-vardis-psy.fr\/","name":"","description":"","potentialAction":[{"@type":"SearchAction","target":{"@type":"EntryPoint","urlTemplate":"https:\/\/www.christelle-vardis-psy.fr\/?s={search_term_string}"},"query-input":{"@type":"PropertyValueSpecification","valueRequired":true,"valueName":"search_term_string"}}],"inLanguage":"fr-FR"}]}},"_links":{"self":[{"href":"https:\/\/christelle-vardis-psy.fr\/index.php?rest_route=\/wp\/v2\/pages\/57","targetHints":{"allow":["GET"]}}],"collection":[{"href":"https:\/\/christelle-vardis-psy.fr\/index.php?rest_route=\/wp\/v2\/pages"}],"about":[{"href":"https:\/\/christelle-vardis-psy.fr\/index.php?rest_route=\/wp\/v2\/types\/page"}],"author":[{"embeddable":true,"href":"https:\/\/christelle-vardis-psy.fr\/index.php?rest_route=\/wp\/v2\/users\/1"}],"replies":[{"embeddable":true,"href":"https:\/\/christelle-vardis-psy.fr\/index.php?rest_route=%2Fwp%2Fv2%2Fcomments&post=57"}],"version-history":[{"count":28,"href":"https:\/\/christelle-vardis-psy.fr\/index.php?rest_route=\/wp\/v2\/pages\/57\/revisions"}],"predecessor-version":[{"id":809,"href":"https:\/\/christelle-vardis-psy.fr\/index.php?rest_route=\/wp\/v2\/pages\/57\/revisions\/809"}],"wp:attachment":[{"href":"https:\/\/christelle-vardis-psy.fr\/index.php?rest_route=%2Fwp%2Fv2%2Fmedia&parent=57"}],"curies":[{"name":"wp","href":"https:\/\/api.w.org\/{rel}","templated":true}]}}