{"id":75,"date":"2025-02-23T18:49:51","date_gmt":"2025-02-23T18:49:51","guid":{"rendered":"https:\/?page_id=75"},"modified":"2025-03-09T10:47:37","modified_gmt":"2025-03-09T10:47:37","slug":"therapie-de-couple","status":"publish","type":"page","link":"https:\/\/christelle-vardis-psy.fr\/?page_id=75","title":{"rendered":"THERAPIE DE COUPLE"},"content":{"rendered":"\t\t<div data-elementor-type=\"wp-page\" data-elementor-id=\"75\" class=\"elementor elementor-75\">\n\t\t\t\t<div data-ka-cursor-size=\"1\" class=\"elementor-element elementor-element-780bac5 e-flex e-con-boxed wpr-particle-no wpr-jarallax-no wpr-parallax-no wpr-sticky-section-no wpr-column-slider-no wpr-equal-height-no e-con e-parent\" data-id=\"780bac5\" data-element_type=\"container\" data-e-type=\"container\" data-settings=\"{&quot;background_background&quot;:&quot;slideshow&quot;,&quot;background_slideshow_gallery&quot;:[{&quot;id&quot;:465,&quot;url&quot;:&quot;http:\\\/\\\/christelle-vardis-psy.fr\\\/wp-content\\\/uploads\\\/2025\\\/03\\\/Autumn_Sunset_With_Geese_Over_Lake_original_1486481-scaled.jpg&quot;},{&quot;id&quot;:467,&quot;url&quot;:&quot;http:\\\/\\\/christelle-vardis-psy.fr\\\/wp-content\\\/uploads\\\/2025\\\/03\\\/Foggy_Landscape_With_Trees_original_1021849-scaled.jpg&quot;},{&quot;id&quot;:469,&quot;url&quot;:&quot;http:\\\/\\\/christelle-vardis-psy.fr\\\/wp-content\\\/uploads\\\/2025\\\/03\\\/Road_Trip_Concept._Autumn_Sundown_Above_Road_Landscape._Way_Leading_To_Horizon_original_1648916-scaled.jpg&quot;},{&quot;id&quot;:466,&quot;url&quot;:&quot;http:\\\/\\\/christelle-vardis-psy.fr\\\/wp-content\\\/uploads\\\/2025\\\/03\\\/Blooming_Aster_Perennial_Flowering_Plant_original_1266471-scaled.jpg&quot;},{&quot;id&quot;:464,&quot;url&quot;:&quot;http:\\\/\\\/christelle-vardis-psy.fr\\\/wp-content\\\/uploads\\\/2025\\\/03\\\/Autumn_In_Mountain_Park_original_958857-scaled.jpg&quot;}],&quot;background_slideshow_loop&quot;:&quot;yes&quot;,&quot;background_slideshow_slide_duration&quot;:5000,&quot;background_slideshow_slide_transition&quot;:&quot;fade&quot;,&quot;background_slideshow_transition_duration&quot;:500,&quot;kng_cursor_interaction&quot;:&quot;default&quot;,&quot;kng_cursor_magnetic&quot;:&quot;none&quot;,&quot;kng_cursor_size_multiplier&quot;:{&quot;unit&quot;:&quot;px&quot;,&quot;size&quot;:1,&quot;sizes&quot;:[]}}\">\n\t\t\t\t\t<div class=\"e-con-inner\">\n\t\t\t\t\t<\/div>\n\t\t\t\t<\/div>\n\t\t<div data-ka-cursor-size=\"1\" class=\"elementor-element elementor-element-35d40c5 e-flex e-con-boxed wpr-particle-no wpr-jarallax-no wpr-parallax-no wpr-sticky-section-no wpr-column-slider-no wpr-equal-height-no e-con e-parent\" data-id=\"35d40c5\" data-element_type=\"container\" data-e-type=\"container\" data-settings=\"{&quot;kng_cursor_interaction&quot;:&quot;default&quot;,&quot;kng_cursor_magnetic&quot;:&quot;none&quot;,&quot;kng_cursor_size_multiplier&quot;:{&quot;unit&quot;:&quot;px&quot;,&quot;size&quot;:1,&quot;sizes&quot;:[]}}\">\n\t\t\t\t\t<div class=\"e-con-inner\">\n\t\t\t\t<div data-ka-cursor-size=\"1\" class=\"elementor-element elementor-element-1b88cca elementor-widget elementor-widget-heading\" data-id=\"1b88cca\" data-element_type=\"widget\" data-e-type=\"widget\" data-settings=\"{&quot;kng_cursor_interaction&quot;:&quot;default&quot;,&quot;kng_cursor_magnetic&quot;:&quot;none&quot;,&quot;kng_cursor_size_multiplier&quot;:{&quot;unit&quot;:&quot;px&quot;,&quot;size&quot;:1,&quot;sizes&quot;:[]}}\" data-widget_type=\"heading.default\">\n\t\t\t\t<div class=\"elementor-widget-container\">\n\t\t\t\t\t<h2 class=\"elementor-heading-title elementor-size-default\">THERAPIE DE COUPLE<\/h2>\t\t\t\t<\/div>\n\t\t\t\t<\/div>\n\t\t\t\t<div data-ka-cursor-size=\"1\" class=\"elementor-element elementor-element-ac9af52 wpr-fancy-text-zoom wpr-advanced-text-style-animated wpr-animated-text-infinite-yes elementor-widget elementor-widget-wpr-advanced-text\" data-id=\"ac9af52\" data-element_type=\"widget\" data-e-type=\"widget\" data-settings=\"{&quot;anim_loop&quot;:&quot;yes&quot;,&quot;kng_cursor_interaction&quot;:&quot;default&quot;,&quot;kng_cursor_magnetic&quot;:&quot;none&quot;,&quot;kng_cursor_size_multiplier&quot;:{&quot;unit&quot;:&quot;px&quot;,&quot;size&quot;:1,&quot;sizes&quot;:[]}}\" data-widget_type=\"wpr-advanced-text.default\">\n\t\t\t\t<div class=\"elementor-widget-container\">\n\t\t\t\t\t\n\t\t<h3 class=\"wpr-advanced-text\">\n\n\t\t\t\t\t\n\t\t\t\n\t\t<span class=\"wpr-anim-text wpr-anim-text-type-zoom\" data-anim-duration=\"1000,2000\" data-anim-loop=\"yes\">\n\t\t\t<span class=\"wpr-anim-text-inner\">\n\t\t\t\t\t\t\t\t\t<b>&quot;L&#039; amour fait songer, vivre et croire. Il a pour r\u00e9chauffer le c\u0153ur un rayon de plus que la gloire, et ce rayon, c&#039; est le bonheur&quot;        <\/b>\n\t\t\t\t\t\t\t<\/span>\n\t\t\t\t\t<\/span>\n\n\t\t\t\t\t\t<span class=\"wpr-advanced-text-suffix\">V. Hugo<\/span>\n\t\t\t\t\t\n\t\t<\/h3>\n\t\t\n\t\t\t\t\t\t<\/div>\n\t\t\t\t<\/div>\n\t\t\t\t<div data-ka-cursor-size=\"1\" class=\"elementor-element elementor-element-a8186ba elementor-widget elementor-widget-image\" data-id=\"a8186ba\" data-element_type=\"widget\" data-e-type=\"widget\" data-settings=\"{&quot;kng_cursor_interaction&quot;:&quot;default&quot;,&quot;kng_cursor_magnetic&quot;:&quot;none&quot;,&quot;kng_cursor_size_multiplier&quot;:{&quot;unit&quot;:&quot;px&quot;,&quot;size&quot;:1,&quot;sizes&quot;:[]}}\" data-widget_type=\"image.default\">\n\t\t\t\t<div class=\"elementor-widget-container\">\n\t\t\t\t\t\t\t\t\t\t\t\t\t\t\t<img fetchpriority=\"high\" decoding=\"async\" width=\"1024\" height=\"819\" src=\"https:\/\/christelle-vardis-psy.fr\/wp-content\/uploads\/2025\/02\/Family_Crisis_original_444467-1024x819.jpg\" class=\"attachment-large size-large wp-image-107\" alt=\"THERAPIE DE COUPLE-CHRISTELLE VARDIS\" srcset=\"https:\/\/christelle-vardis-psy.fr\/wp-content\/uploads\/2025\/02\/Family_Crisis_original_444467-1024x819.jpg 1024w, https:\/\/christelle-vardis-psy.fr\/wp-content\/uploads\/2025\/02\/Family_Crisis_original_444467-300x240.jpg 300w, https:\/\/christelle-vardis-psy.fr\/wp-content\/uploads\/2025\/02\/Family_Crisis_original_444467-768x614.jpg 768w, https:\/\/christelle-vardis-psy.fr\/wp-content\/uploads\/2025\/02\/Family_Crisis_original_444467-1536x1229.jpg 1536w, https:\/\/christelle-vardis-psy.fr\/wp-content\/uploads\/2025\/02\/Family_Crisis_original_444467-2048x1638.jpg 2048w\" sizes=\"(max-width: 1024px) 100vw, 1024px\" \/>\t\t\t\t\t\t\t\t\t\t\t\t\t\t\t<\/div>\n\t\t\t\t<\/div>\n\t\t\t\t<div data-ka-cursor-size=\"1\" class=\"elementor-element elementor-element-308b004 elementor-widget elementor-widget-text-editor\" data-id=\"308b004\" data-element_type=\"widget\" data-e-type=\"widget\" data-settings=\"{&quot;kng_cursor_interaction&quot;:&quot;default&quot;,&quot;kng_cursor_magnetic&quot;:&quot;none&quot;,&quot;kng_cursor_size_multiplier&quot;:{&quot;unit&quot;:&quot;px&quot;,&quot;size&quot;:1,&quot;sizes&quot;:[]}}\" data-widget_type=\"text-editor.default\">\n\t\t\t\t<div class=\"elementor-widget-container\">\n\t\t\t\t\t\t\t\t\t<p>Votre couple traverse une p\u00e9riode difficile ? Vous vous aimez encore, mais la communication est rompue et les tensions s&rsquo;accumulent. Il est normal de se sentir perdu. Peut-\u00eatre avez-vous besoin de faire le point sur vos sentiments et de comprendre ce qui se passe entre vous. Si vous envisagez la s\u00e9paration, un accompagnement est essentiel pour traverser cette \u00e9tape d\u00e9licate de mani\u00e8re apais\u00e9e. N\u2019h\u00e9sitez pas \u00e0 consulter un professionnel pour vous guider.<\/p><p>La th\u00e9rapie de couple ne vise pas seulement \u00e0 r\u00e9concilier les couples en crise. Elle permet aussi de r\u00e9fl\u00e9chir et de r\u00e9aliser que la s\u00e9paration peut parfois \u00eatre la meilleure solution. Son objectif est de maintenir ou de recr\u00e9er le dialogue, afin que chacun puisse exprimer ses \u00e9motions et ses besoins.<\/p><p>Vous vous \u00eates aim\u00e9s et partag\u00e9 de nombreux moments. Il est important de red\u00e9couvrir cette connexion, m\u00eame si cela signifie prendre des chemins diff\u00e9rents. En cas de s\u00e9paration in\u00e9vitable, il est crucial de le faire dans le respect mutuel, en honorant ce que vous avez v\u00e9cu ensemble. La th\u00e9rapie peut vous aider \u00e0 naviguer dans ces moments difficiles et \u00e0 aborder l\u2019avenir avec s\u00e9r\u00e9nit\u00e9.<\/p><p>La th\u00e9rapie de couple n\u2019est pas uniquement destin\u00e9e \u00e0 r\u00e9concilier les couples en crise. Elle peut \u00e9galement offrir un espace pour r\u00e9fl\u00e9chir et r\u00e9aliser que, parfois, la s\u00e9paration peut \u00eatre la meilleure solution pour les deux partenaires. Le but de la th\u00e9rapie de couple est avant tout de maintenir ou de recr\u00e9er le dialogue, afin que chacun puisse exprimer ses \u00e9motions, ses besoins et ses attentes.<\/p><p>Vous vous \u00eates aim\u00e9s et partag\u00e9 de nombreux moments ensemble. Il est donc important de red\u00e9couvrir cette connexion, m\u00eame si cela signifie prendre des chemins diff\u00e9rents. Dans le cas d\u2019une s\u00e9paration in\u00e9vitable, il est crucial de le faire dans le respect mutuel, en honorant ce que vous avez v\u00e9cu ensemble. La th\u00e9rapie peut vous aider \u00e0 naviguer dans ces eaux troubles, \u00e0 trouver des solutions et \u00e0 aborder l\u2019avenir avec s\u00e9r\u00e9nit\u00e9.<\/p>\t\t\t\t\t\t\t\t<\/div>\n\t\t\t\t<\/div>\n\t\t\t\t\t<\/div>\n\t\t\t\t<\/div>\n\t\t<div data-ka-cursor-size=\"1\" class=\"elementor-element elementor-element-65909e4 e-flex e-con-boxed wpr-particle-no wpr-jarallax-no wpr-parallax-no wpr-sticky-section-no wpr-column-slider-no wpr-equal-height-no e-con e-parent\" data-id=\"65909e4\" data-element_type=\"container\" data-e-type=\"container\" data-settings=\"{&quot;kng_cursor_interaction&quot;:&quot;default&quot;,&quot;kng_cursor_magnetic&quot;:&quot;none&quot;,&quot;kng_cursor_size_multiplier&quot;:{&quot;unit&quot;:&quot;px&quot;,&quot;size&quot;:1,&quot;sizes&quot;:[]}}\">\n\t\t\t\t\t<div class=\"e-con-inner\">\n\t\t\t\t<div data-ka-cursor-size=\"1\" class=\"elementor-element elementor-element-c8f7e60 king-addons-pricing-table-animation-none king-addons-pricing-table-heading-center elementor-widget elementor-widget-king-addons-pricing-table\" data-id=\"c8f7e60\" data-element_type=\"widget\" data-e-type=\"widget\" data-settings=\"{&quot;kng_cursor_interaction&quot;:&quot;default&quot;,&quot;kng_cursor_magnetic&quot;:&quot;none&quot;,&quot;kng_cursor_size_multiplier&quot;:{&quot;unit&quot;:&quot;px&quot;,&quot;size&quot;:1,&quot;sizes&quot;:[]}}\" data-widget_type=\"king-addons-pricing-table.default\">\n\t\t\t\t<div class=\"elementor-widget-container\">\n\t\t\t\t\t        <div class=\"king-addons-pricing-table\">\n                                <div class=\"elementor-repeater-item-5cc5ec1 king-addons-pricing-table-item king-addons-pricing-table-heading king-addons-pricing-table-item-first\">\n                                                        <div class=\"king-addons-pricing-table-heading-inner\">\n                                    \n                                                                            <div class=\"king-addons-pricing-table-title-wrap\">\n                                                                                            <h3 class=\"king-addons-pricing-table-title\">\n                                                    Th\u00e9rapie de couple                                                <\/h3>\n                                                                                                                                        <span class=\"king-addons-pricing-table-sub-title\">\n                                                45 min                                            <\/span>\n                                                                                    <\/div>\n                                                                    <\/div>\n                                                    <\/div>\n                                    <div class=\"elementor-repeater-item-82f5666 king-addons-pricing-table-item king-addons-pricing-table-price\">\n                                                        <div class=\"king-addons-pricing-table-price-inner\">\n                                    \n                                    <span class=\"king-addons-pricing-table-main-price\">60<\/span><span class=\"king-addons-pricing-table-currency\">&#128;<\/span>                                <\/div>\n                                                    <\/div>\n                                    <div class=\"elementor-repeater-item-c542a52 king-addons-pricing-table-item king-addons-pricing-table-button king-addons-pricing-table-item-last\">\n                                                            <a class=\"king-addons-pricing-table-btn king-addons-button-effect king-addons-button-sweep-to-top\"\n                                        href=\"https:\/\/christelle-vardis-psy.fr\/?page_id=57\">\n                                    <span>\n                                        Prendre rendez-vous                                    <\/span>\n                                    <\/a>\n                                                        <\/div>\n                        <\/div>\n        \t\t\t\t<\/div>\n\t\t\t\t<\/div>\n\t\t\t\t\t<\/div>\n\t\t\t\t<\/div>\n\t\t\t\t<\/div>\n\t\t","protected":false},"excerpt":{"rendered":"<p>THERAPIE DE COUPLE &quot;L&#039; amour fait songer, vivre et croire. Il a pour r\u00e9chauffer le c\u0153ur un rayon de plus que la gloire, et ce rayon, c&#039; est le bonheur&quot; V. Hugo Votre couple traverse une p\u00e9riode difficile ? Vous vous aimez encore, mais la communication est rompue et les tensions s&rsquo;accumulent. Il est normal de se sentir perdu. Peut-\u00eatre avez-vous besoin de faire le point sur vos sentiments et de comprendre ce qui se passe entre vous. Si vous envisagez la s\u00e9paration, un accompagnement est essentiel pour traverser cette \u00e9tape d\u00e9licate de mani\u00e8re apais\u00e9e. N\u2019h\u00e9sitez pas \u00e0 consulter un professionnel pour vous guider. La th\u00e9rapie de couple ne vise pas seulement \u00e0 r\u00e9concilier les couples en crise. Elle permet aussi de r\u00e9fl\u00e9chir et de r\u00e9aliser que la s\u00e9paration peut parfois \u00eatre la meilleure solution. Son objectif est de maintenir ou de recr\u00e9er le dialogue, afin que chacun puisse exprimer ses \u00e9motions et ses besoins. Vous vous \u00eates aim\u00e9s et partag\u00e9 de nombreux moments. Il est important de red\u00e9couvrir cette connexion, m\u00eame si cela signifie prendre des chemins diff\u00e9rents. En cas de s\u00e9paration in\u00e9vitable, il est crucial de le faire dans le respect mutuel, en honorant ce que vous avez v\u00e9cu ensemble. La th\u00e9rapie peut vous aider \u00e0 naviguer dans ces moments difficiles et \u00e0 aborder l\u2019avenir avec s\u00e9r\u00e9nit\u00e9. La th\u00e9rapie de couple n\u2019est pas uniquement destin\u00e9e \u00e0 r\u00e9concilier les couples en crise. Elle peut \u00e9galement offrir un espace pour r\u00e9fl\u00e9chir et r\u00e9aliser que, parfois, la s\u00e9paration peut \u00eatre la meilleure solution pour les deux partenaires. Le but de la th\u00e9rapie de couple est avant tout de maintenir ou de recr\u00e9er le dialogue, afin que chacun puisse exprimer ses \u00e9motions, ses besoins et ses attentes. Vous vous \u00eates aim\u00e9s et partag\u00e9 de nombreux moments ensemble. Il est donc important de red\u00e9couvrir cette connexion, m\u00eame si cela signifie prendre des chemins diff\u00e9rents. Dans le cas d\u2019une s\u00e9paration in\u00e9vitable, il est crucial de le faire dans le respect mutuel, en honorant ce que vous avez v\u00e9cu ensemble. La th\u00e9rapie peut vous aider \u00e0 naviguer dans ces eaux troubles, \u00e0 trouver des solutions et \u00e0 aborder l\u2019avenir avec s\u00e9r\u00e9nit\u00e9. Th\u00e9rapie de couple 45 min 60&#8364; Prendre rendez-vous<\/p>\n","protected":false},"author":1,"featured_media":0,"parent":0,"menu_order":0,"comment_status":"closed","ping_status":"closed","template":"","meta":{"site-sidebar-layout":"no-sidebar","site-content-layout":"","ast-site-content-layout":"full-width-container","site-content-style":"default","site-sidebar-style":"default","ast-global-header-display":"","ast-banner-title-visibility":"","ast-main-header-display":"","ast-hfb-above-header-display":"","ast-hfb-below-header-display":"","ast-hfb-mobile-header-display":"","site-post-title":"disabled","ast-breadcrumbs-content":"","ast-featured-img":"disabled","footer-sml-layout":"","ast-disable-related-posts":"","theme-transparent-header-meta":"","adv-header-id-meta":"","stick-header-meta":"","header-above-stick-meta":"","header-main-stick-meta":"","header-below-stick-meta":"","astra-migrate-meta-layouts":"default","ast-page-background-enabled":"default","ast-page-background-meta":{"desktop":{"background-color":"var(--ast-global-color-5)","background-image":"","background-repeat":"repeat","background-position":"center center","background-size":"auto","background-attachment":"scroll","background-type":"","background-media":"","overlay-type":"","overlay-color":"","overlay-opacity":"","overlay-gradient":""},"tablet":{"background-color":"","background-image":"","background-repeat":"repeat","background-position":"center center","background-size":"auto","background-attachment":"scroll","background-type":"","background-media":"","overlay-type":"","overlay-color":"","overlay-opacity":"","overlay-gradient":""},"mobile":{"background-color":"","background-image":"","background-repeat":"repeat","background-position":"center center","background-size":"auto","background-attachment":"scroll","background-type":"","background-media":"","overlay-type":"","overlay-color":"","overlay-opacity":"","overlay-gradient":""}},"ast-content-background-meta":{"desktop":{"background-color":"var(--ast-global-color-4)","background-image":"","background-repeat":"repeat","background-position":"center center","background-size":"auto","background-attachment":"scroll","background-type":"","background-media":"","overlay-type":"","overlay-color":"","overlay-opacity":"","overlay-gradient":""},"tablet":{"background-color":"var(--ast-global-color-4)","background-image":"","background-repeat":"repeat","background-position":"center center","background-size":"auto","background-attachment":"scroll","background-type":"","background-media":"","overlay-type":"","overlay-color":"","overlay-opacity":"","overlay-gradient":""},"mobile":{"background-color":"var(--ast-global-color-4)","background-image":"","background-repeat":"repeat","background-position":"center center","background-size":"auto","background-attachment":"scroll","background-type":"","background-media":"","overlay-type":"","overlay-color":"","overlay-opacity":"","overlay-gradient":""}},"footnotes":""},"class_list":["post-75","page","type-page","status-publish","hentry"],"yoast_head":"<!-- This site is optimized with the Yoast SEO plugin v27.4 - https:\/\/yoast.com\/product\/yoast-seo-wordpress\/ -->\n<title>THERAPIE DE COUPLE - Christelle Vardis<\/title>\n<meta name=\"description\" content=\"Votre couple traverse des difficult\u00e9s ? La th\u00e9rapie de couple aide \u00e0 r\u00e9tablir le dialogue, \u00e0 red\u00e9couvrir vos sentiments ou \u00e0 g\u00e9rer une s\u00e9paration apais\u00e9e.\" \/>\n<meta name=\"robots\" content=\"index, follow, max-snippet:-1, max-image-preview:large, max-video-preview:-1\" \/>\n<link rel=\"canonical\" href=\"https:\/\/christelle-vardis-psy.fr\/?page_id=75\" \/>\n<meta property=\"og:locale\" content=\"fr_FR\" \/>\n<meta property=\"og:type\" content=\"article\" \/>\n<meta property=\"og:title\" content=\"THERAPIE DE COUPLE - Christelle Vardis\" \/>\n<meta property=\"og:description\" content=\"Votre couple traverse des difficult\u00e9s ? La th\u00e9rapie de couple aide \u00e0 r\u00e9tablir le dialogue, \u00e0 red\u00e9couvrir vos sentiments ou \u00e0 g\u00e9rer une s\u00e9paration apais\u00e9e.\" \/>\n<meta property=\"og:url\" content=\"https:\/\/christelle-vardis-psy.fr\/?page_id=75\" \/>\n<meta property=\"article:modified_time\" content=\"2025-03-09T10:47:37+00:00\" \/>\n<meta property=\"og:image\" content=\"http:\/\/christelle-vardis-psy.fr\/wp-content\/uploads\/2025\/02\/Family_Crisis_original_444467-1024x819.jpg\" \/>\n<meta name=\"twitter:card\" content=\"summary_large_image\" \/>\n<meta name=\"twitter:label1\" content=\"Dur\u00e9e de lecture estim\u00e9e\" \/>\n\t<meta name=\"twitter:data1\" content=\"3 minutes\" \/>\n<script type=\"application\/ld+json\" class=\"yoast-schema-graph\">{\"@context\":\"https:\\\/\\\/schema.org\",\"@graph\":[{\"@type\":\"WebPage\",\"@id\":\"https:\\\/\\\/christelle-vardis-psy.fr\\\/?page_id=75\",\"url\":\"https:\\\/\\\/christelle-vardis-psy.fr\\\/?page_id=75\",\"name\":\"THERAPIE DE COUPLE - Christelle Vardis\",\"isPartOf\":{\"@id\":\"https:\\\/\\\/www.christelle-vardis-psy.fr\\\/#website\"},\"primaryImageOfPage\":{\"@id\":\"https:\\\/\\\/christelle-vardis-psy.fr\\\/?page_id=75#primaryimage\"},\"image\":{\"@id\":\"https:\\\/\\\/christelle-vardis-psy.fr\\\/?page_id=75#primaryimage\"},\"thumbnailUrl\":\"http:\\\/\\\/christelle-vardis-psy.fr\\\/wp-content\\\/uploads\\\/2025\\\/02\\\/Family_Crisis_original_444467-1024x819.jpg\",\"datePublished\":\"2025-02-23T18:49:51+00:00\",\"dateModified\":\"2025-03-09T10:47:37+00:00\",\"description\":\"Votre couple traverse des difficult\u00e9s ? La th\u00e9rapie de couple aide \u00e0 r\u00e9tablir le dialogue, \u00e0 red\u00e9couvrir vos sentiments ou \u00e0 g\u00e9rer une s\u00e9paration apais\u00e9e.\",\"breadcrumb\":{\"@id\":\"https:\\\/\\\/christelle-vardis-psy.fr\\\/?page_id=75#breadcrumb\"},\"inLanguage\":\"fr-FR\",\"potentialAction\":[{\"@type\":\"ReadAction\",\"target\":[\"https:\\\/\\\/christelle-vardis-psy.fr\\\/?page_id=75\"]}]},{\"@type\":\"ImageObject\",\"inLanguage\":\"fr-FR\",\"@id\":\"https:\\\/\\\/christelle-vardis-psy.fr\\\/?page_id=75#primaryimage\",\"url\":\"https:\\\/\\\/christelle-vardis-psy.fr\\\/wp-content\\\/uploads\\\/2025\\\/02\\\/Family_Crisis_original_444467-scaled.jpg\",\"contentUrl\":\"https:\\\/\\\/christelle-vardis-psy.fr\\\/wp-content\\\/uploads\\\/2025\\\/02\\\/Family_Crisis_original_444467-scaled.jpg\",\"width\":2560,\"height\":2048,\"caption\":\"THERAPIE DE COUPLE-CHRISTELLE VARDIS\"},{\"@type\":\"BreadcrumbList\",\"@id\":\"https:\\\/\\\/christelle-vardis-psy.fr\\\/?page_id=75#breadcrumb\",\"itemListElement\":[{\"@type\":\"ListItem\",\"position\":1,\"name\":\"Accueil\",\"item\":\"https:\\\/\\\/www.christelle-vardis-psy.fr\\\/\"},{\"@type\":\"ListItem\",\"position\":2,\"name\":\"THERAPIE DE COUPLE\"}]},{\"@type\":\"WebSite\",\"@id\":\"https:\\\/\\\/www.christelle-vardis-psy.fr\\\/#website\",\"url\":\"https:\\\/\\\/www.christelle-vardis-psy.fr\\\/\",\"name\":\"\",\"description\":\"\",\"potentialAction\":[{\"@type\":\"SearchAction\",\"target\":{\"@type\":\"EntryPoint\",\"urlTemplate\":\"https:\\\/\\\/www.christelle-vardis-psy.fr\\\/?s={search_term_string}\"},\"query-input\":{\"@type\":\"PropertyValueSpecification\",\"valueRequired\":true,\"valueName\":\"search_term_string\"}}],\"inLanguage\":\"fr-FR\"}]}<\/script>\n<!-- \/ Yoast SEO plugin. -->","yoast_head_json":{"title":"THERAPIE DE COUPLE - Christelle Vardis","description":"Votre couple traverse des difficult\u00e9s ? La th\u00e9rapie de couple aide \u00e0 r\u00e9tablir le dialogue, \u00e0 red\u00e9couvrir vos sentiments ou \u00e0 g\u00e9rer une s\u00e9paration apais\u00e9e.","robots":{"index":"index","follow":"follow","max-snippet":"max-snippet:-1","max-image-preview":"max-image-preview:large","max-video-preview":"max-video-preview:-1"},"canonical":"https:\/\/christelle-vardis-psy.fr\/?page_id=75","og_locale":"fr_FR","og_type":"article","og_title":"THERAPIE DE COUPLE - Christelle Vardis","og_description":"Votre couple traverse des difficult\u00e9s ? La th\u00e9rapie de couple aide \u00e0 r\u00e9tablir le dialogue, \u00e0 red\u00e9couvrir vos sentiments ou \u00e0 g\u00e9rer une s\u00e9paration apais\u00e9e.","og_url":"https:\/\/christelle-vardis-psy.fr\/?page_id=75","article_modified_time":"2025-03-09T10:47:37+00:00","og_image":[{"url":"http:\/\/christelle-vardis-psy.fr\/wp-content\/uploads\/2025\/02\/Family_Crisis_original_444467-1024x819.jpg","type":"","width":"","height":""}],"twitter_card":"summary_large_image","twitter_misc":{"Dur\u00e9e de lecture estim\u00e9e":"3 minutes"},"schema":{"@context":"https:\/\/schema.org","@graph":[{"@type":"WebPage","@id":"https:\/\/christelle-vardis-psy.fr\/?page_id=75","url":"https:\/\/christelle-vardis-psy.fr\/?page_id=75","name":"THERAPIE DE COUPLE - Christelle Vardis","isPartOf":{"@id":"https:\/\/www.christelle-vardis-psy.fr\/#website"},"primaryImageOfPage":{"@id":"https:\/\/christelle-vardis-psy.fr\/?page_id=75#primaryimage"},"image":{"@id":"https:\/\/christelle-vardis-psy.fr\/?page_id=75#primaryimage"},"thumbnailUrl":"http:\/\/christelle-vardis-psy.fr\/wp-content\/uploads\/2025\/02\/Family_Crisis_original_444467-1024x819.jpg","datePublished":"2025-02-23T18:49:51+00:00","dateModified":"2025-03-09T10:47:37+00:00","description":"Votre couple traverse des difficult\u00e9s ? La th\u00e9rapie de couple aide \u00e0 r\u00e9tablir le dialogue, \u00e0 red\u00e9couvrir vos sentiments ou \u00e0 g\u00e9rer une s\u00e9paration apais\u00e9e.","breadcrumb":{"@id":"https:\/\/christelle-vardis-psy.fr\/?page_id=75#breadcrumb"},"inLanguage":"fr-FR","potentialAction":[{"@type":"ReadAction","target":["https:\/\/christelle-vardis-psy.fr\/?page_id=75"]}]},{"@type":"ImageObject","inLanguage":"fr-FR","@id":"https:\/\/christelle-vardis-psy.fr\/?page_id=75#primaryimage","url":"https:\/\/christelle-vardis-psy.fr\/wp-content\/uploads\/2025\/02\/Family_Crisis_original_444467-scaled.jpg","contentUrl":"https:\/\/christelle-vardis-psy.fr\/wp-content\/uploads\/2025\/02\/Family_Crisis_original_444467-scaled.jpg","width":2560,"height":2048,"caption":"THERAPIE DE COUPLE-CHRISTELLE VARDIS"},{"@type":"BreadcrumbList","@id":"https:\/\/christelle-vardis-psy.fr\/?page_id=75#breadcrumb","itemListElement":[{"@type":"ListItem","position":1,"name":"Accueil","item":"https:\/\/www.christelle-vardis-psy.fr\/"},{"@type":"ListItem","position":2,"name":"THERAPIE DE COUPLE"}]},{"@type":"WebSite","@id":"https:\/\/www.christelle-vardis-psy.fr\/#website","url":"https:\/\/www.christelle-vardis-psy.fr\/","name":"","description":"","potentialAction":[{"@type":"SearchAction","target":{"@type":"EntryPoint","urlTemplate":"https:\/\/www.christelle-vardis-psy.fr\/?s={search_term_string}"},"query-input":{"@type":"PropertyValueSpecification","valueRequired":true,"valueName":"search_term_string"}}],"inLanguage":"fr-FR"}]}},"_links":{"self":[{"href":"https:\/\/christelle-vardis-psy.fr\/index.php?rest_route=\/wp\/v2\/pages\/75","targetHints":{"allow":["GET"]}}],"collection":[{"href":"https:\/\/christelle-vardis-psy.fr\/index.php?rest_route=\/wp\/v2\/pages"}],"about":[{"href":"https:\/\/christelle-vardis-psy.fr\/index.php?rest_route=\/wp\/v2\/types\/page"}],"author":[{"embeddable":true,"href":"https:\/\/christelle-vardis-psy.fr\/index.php?rest_route=\/wp\/v2\/users\/1"}],"replies":[{"embeddable":true,"href":"https:\/\/christelle-vardis-psy.fr\/index.php?rest_route=%2Fwp%2Fv2%2Fcomments&post=75"}],"version-history":[{"count":76,"href":"https:\/\/christelle-vardis-psy.fr\/index.php?rest_route=\/wp\/v2\/pages\/75\/revisions"}],"predecessor-version":[{"id":1034,"href":"https:\/\/christelle-vardis-psy.fr\/index.php?rest_route=\/wp\/v2\/pages\/75\/revisions\/1034"}],"wp:attachment":[{"href":"https:\/\/christelle-vardis-psy.fr\/index.php?rest_route=%2Fwp%2Fv2%2Fmedia&parent=75"}],"curies":[{"name":"wp","href":"https:\/\/api.w.org\/{rel}","templated":true}]}}