{"id":922,"date":"2025-03-07T07:20:40","date_gmt":"2025-03-07T07:20:40","guid":{"rendered":"https:\/\/christelle-vardis-psy.fr\/?page_id=922"},"modified":"2025-03-07T07:22:59","modified_gmt":"2025-03-07T07:22:59","slug":"mentions-legales","status":"publish","type":"page","link":"https:\/\/christelle-vardis-psy.fr\/?page_id=922","title":{"rendered":"Mentions l\u00e9gales"},"content":{"rendered":"\t\t<div data-elementor-type=\"wp-page\" data-elementor-id=\"922\" class=\"elementor elementor-922\">\n\t\t\t\t<div data-ka-cursor-size=\"1\" class=\"elementor-element elementor-element-6c85591 e-flex e-con-boxed wpr-particle-no wpr-jarallax-no wpr-parallax-no wpr-sticky-section-no wpr-column-slider-no wpr-equal-height-no e-con e-parent\" data-id=\"6c85591\" data-element_type=\"container\" data-e-type=\"container\" data-settings=\"{&quot;kng_cursor_interaction&quot;:&quot;default&quot;,&quot;kng_cursor_magnetic&quot;:&quot;none&quot;,&quot;kng_cursor_size_multiplier&quot;:{&quot;unit&quot;:&quot;px&quot;,&quot;size&quot;:1,&quot;sizes&quot;:[]}}\">\n\t\t\t\t\t<div class=\"e-con-inner\">\n\t\t\t\t<div data-ka-cursor-size=\"1\" class=\"elementor-element elementor-element-8f81663 elementor-widget elementor-widget-text-editor\" data-id=\"8f81663\" data-element_type=\"widget\" data-e-type=\"widget\" data-settings=\"{&quot;kng_cursor_interaction&quot;:&quot;default&quot;,&quot;kng_cursor_magnetic&quot;:&quot;none&quot;,&quot;kng_cursor_size_multiplier&quot;:{&quot;unit&quot;:&quot;px&quot;,&quot;size&quot;:1,&quot;sizes&quot;:[]}}\" data-widget_type=\"text-editor.default\">\n\t\t\t\t<div class=\"elementor-widget-container\">\n\t\t\t\t\t\t\t\t\t<p><b>1. Pr\u00e9sentation du site :<\/b><br \/>Le site internet \u00ab\u00a0christelle-vardis-psy.fr\u00a0\u00bb est \u00e9dit\u00e9 par la soci\u00e9t\u00e9 D&amp;DRONES, immatricul\u00e9e au registre du commerce sous le num\u00e9ro SIRET 94858873600017.<\/p><p><b>2. H\u00e9bergement :<\/b><br \/>Le site est h\u00e9berg\u00e9 par Hostinger.<br \/>Adresse : Hostinger International Ltd, 61 Lordou Vironos Street, 6023 Larnaca, Chypre.<\/p><p><b>3. Propri\u00e9t\u00e9 intellectuelle :<\/b><br \/>Les contenus (textes, images, vid\u00e9os) pr\u00e9sents sur le site sont la propri\u00e9t\u00e9 de D&amp;DRONES ou de tiers ayant autoris\u00e9 leur utilisation. Certaines photos et vid\u00e9os proviennent du site Motion Array. Toute reproduction, m\u00eame partielle, est interdite sans autorisation pr\u00e9alable.<\/p><p><b>4. Protection des donn\u00e9es personnelles :<\/b><br \/>Conform\u00e9ment \u00e0 la loi n\u00b0 78-17 du 6 janvier 1978 relative \u00e0 l&rsquo;informatique, aux fichiers et aux libert\u00e9s, ainsi qu&rsquo;au R\u00e8glement G\u00e9n\u00e9ral sur la Protection des Donn\u00e9es (RGPD) (UE) 2016\/679, vous disposez d&rsquo;un droit d&rsquo;acc\u00e8s, de rectification et de suppression des donn\u00e9es vous concernant. Pour exercer ce droit, vous pouvez nous contacter \u00e0 l&rsquo;adresse suivante : contact@ddrones.fr<\/p><p><b>5. Cookies :<\/b><br \/>Le site utilise des cookies pour am\u00e9liorer l&rsquo;exp\u00e9rience utilisateur. Vous pouvez g\u00e9rer vos pr\u00e9f\u00e9rences en mati\u00e8re de cookies via les param\u00e8tres de votre navigateur.<\/p><p><b>6. Liens externes :<\/b><br \/>Le site peut contenir des liens vers d&rsquo;autres sites. D&amp;DRONES ne peut \u00eatre tenu responsable du contenu de ces sites.<\/p><p><b>7. Contact :<\/b><br \/>Pour toute question ou demande d&rsquo;information, vous pouvez nous contacter \u00e0 l&rsquo;adresse suivante : contact@ddrones.fr.<\/p>\t\t\t\t\t\t\t\t<\/div>\n\t\t\t\t<\/div>\n\t\t\t\t\t<\/div>\n\t\t\t\t<\/div>\n\t\t\t\t<\/div>\n\t\t","protected":false},"excerpt":{"rendered":"<p>1. Pr\u00e9sentation du site :Le site internet \u00ab\u00a0christelle-vardis-psy.fr\u00a0\u00bb est \u00e9dit\u00e9 par la soci\u00e9t\u00e9 D&amp;DRONES, immatricul\u00e9e au registre du commerce sous le num\u00e9ro SIRET 94858873600017. 2. H\u00e9bergement :Le site est h\u00e9berg\u00e9 par Hostinger.Adresse : Hostinger International Ltd, 61 Lordou Vironos Street, 6023 Larnaca, Chypre. 3. Propri\u00e9t\u00e9 intellectuelle :Les contenus (textes, images, vid\u00e9os) pr\u00e9sents sur le site sont la propri\u00e9t\u00e9 de D&amp;DRONES ou de tiers ayant autoris\u00e9 leur utilisation. Certaines photos et vid\u00e9os proviennent du site Motion Array. Toute reproduction, m\u00eame partielle, est interdite sans autorisation pr\u00e9alable. 4. Protection des donn\u00e9es personnelles :Conform\u00e9ment \u00e0 la loi n\u00b0 78-17 du 6 janvier 1978 relative \u00e0 l&rsquo;informatique, aux fichiers et aux libert\u00e9s, ainsi qu&rsquo;au R\u00e8glement G\u00e9n\u00e9ral sur la Protection des Donn\u00e9es (RGPD) (UE) 2016\/679, vous disposez d&rsquo;un droit d&rsquo;acc\u00e8s, de rectification et de suppression des donn\u00e9es vous concernant. Pour exercer ce droit, vous pouvez nous contacter \u00e0 l&rsquo;adresse suivante : contact@ddrones.fr 5. Cookies :Le site utilise des cookies pour am\u00e9liorer l&rsquo;exp\u00e9rience utilisateur. Vous pouvez g\u00e9rer vos pr\u00e9f\u00e9rences en mati\u00e8re de cookies via les param\u00e8tres de votre navigateur. 6. Liens externes :Le site peut contenir des liens vers d&rsquo;autres sites. D&amp;DRONES ne peut \u00eatre tenu responsable du contenu de ces sites. 7. Contact :Pour toute question ou demande d&rsquo;information, vous pouvez nous contacter \u00e0 l&rsquo;adresse suivante : contact@ddrones.fr.<\/p>\n","protected":false},"author":1,"featured_media":0,"parent":0,"menu_order":0,"comment_status":"closed","ping_status":"closed","template":"","meta":{"site-sidebar-layout":"no-sidebar","site-content-layout":"","ast-site-content-layout":"full-width-container","site-content-style":"default","site-sidebar-style":"default","ast-global-header-display":"","ast-banner-title-visibility":"","ast-main-header-display":"","ast-hfb-above-header-display":"","ast-hfb-below-header-display":"","ast-hfb-mobile-header-display":"","site-post-title":"disabled","ast-breadcrumbs-content":"","ast-featured-img":"disabled","footer-sml-layout":"","ast-disable-related-posts":"","theme-transparent-header-meta":"","adv-header-id-meta":"","stick-header-meta":"","header-above-stick-meta":"","header-main-stick-meta":"","header-below-stick-meta":"","astra-migrate-meta-layouts":"default","ast-page-background-enabled":"default","ast-page-background-meta":{"desktop":{"background-color":"var(--ast-global-color-5)","background-image":"","background-repeat":"repeat","background-position":"center center","background-size":"auto","background-attachment":"scroll","background-type":"","background-media":"","overlay-type":"","overlay-color":"","overlay-opacity":"","overlay-gradient":""},"tablet":{"background-color":"","background-image":"","background-repeat":"repeat","background-position":"center center","background-size":"auto","background-attachment":"scroll","background-type":"","background-media":"","overlay-type":"","overlay-color":"","overlay-opacity":"","overlay-gradient":""},"mobile":{"background-color":"","background-image":"","background-repeat":"repeat","background-position":"center center","background-size":"auto","background-attachment":"scroll","background-type":"","background-media":"","overlay-type":"","overlay-color":"","overlay-opacity":"","overlay-gradient":""}},"ast-content-background-meta":{"desktop":{"background-color":"var(--ast-global-color-4)","background-image":"","background-repeat":"repeat","background-position":"center center","background-size":"auto","background-attachment":"scroll","background-type":"","background-media":"","overlay-type":"","overlay-color":"","overlay-opacity":"","overlay-gradient":""},"tablet":{"background-color":"var(--ast-global-color-4)","background-image":"","background-repeat":"repeat","background-position":"center center","background-size":"auto","background-attachment":"scroll","background-type":"","background-media":"","overlay-type":"","overlay-color":"","overlay-opacity":"","overlay-gradient":""},"mobile":{"background-color":"var(--ast-global-color-4)","background-image":"","background-repeat":"repeat","background-position":"center center","background-size":"auto","background-attachment":"scroll","background-type":"","background-media":"","overlay-type":"","overlay-color":"","overlay-opacity":"","overlay-gradient":""}},"footnotes":""},"class_list":["post-922","page","type-page","status-publish","hentry"],"yoast_head":"<!-- This site is optimized with the Yoast SEO plugin v27.4 - https:\/\/yoast.com\/product\/yoast-seo-wordpress\/ -->\n<title>Mentions l\u00e9gales -<\/title>\n<meta name=\"robots\" content=\"index, follow, max-snippet:-1, max-image-preview:large, max-video-preview:-1\" \/>\n<link rel=\"canonical\" href=\"https:\/\/www.christelle-vardis-psy.fr\/?page_id=922\" \/>\n<meta property=\"og:locale\" content=\"fr_FR\" \/>\n<meta property=\"og:type\" content=\"article\" \/>\n<meta property=\"og:title\" content=\"Mentions l\u00e9gales -\" \/>\n<meta property=\"og:description\" content=\"1. Pr\u00e9sentation du site :Le site internet \u00ab\u00a0christelle-vardis-psy.fr\u00a0\u00bb est \u00e9dit\u00e9 par la soci\u00e9t\u00e9 D&amp;DRONES, immatricul\u00e9e au registre du commerce sous le num\u00e9ro SIRET 94858873600017. 2. H\u00e9bergement :Le site est h\u00e9berg\u00e9 par Hostinger.Adresse : Hostinger International Ltd, 61 Lordou Vironos Street, 6023 Larnaca, Chypre. 3. Propri\u00e9t\u00e9 intellectuelle :Les contenus (textes, images, vid\u00e9os) pr\u00e9sents sur le site sont la propri\u00e9t\u00e9 de D&amp;DRONES ou de tiers ayant autoris\u00e9 leur utilisation. Certaines photos et vid\u00e9os proviennent du site Motion Array. Toute reproduction, m\u00eame partielle, est interdite sans autorisation pr\u00e9alable. 4. Protection des donn\u00e9es personnelles :Conform\u00e9ment \u00e0 la loi n\u00b0 78-17 du 6 janvier 1978 relative \u00e0 l&rsquo;informatique, aux fichiers et aux libert\u00e9s, ainsi qu&rsquo;au R\u00e8glement G\u00e9n\u00e9ral sur la Protection des Donn\u00e9es (RGPD) (UE) 2016\/679, vous disposez d&rsquo;un droit d&rsquo;acc\u00e8s, de rectification et de suppression des donn\u00e9es vous concernant. Pour exercer ce droit, vous pouvez nous contacter \u00e0 l&rsquo;adresse suivante : contact@ddrones.fr 5. Cookies :Le site utilise des cookies pour am\u00e9liorer l&rsquo;exp\u00e9rience utilisateur. Vous pouvez g\u00e9rer vos pr\u00e9f\u00e9rences en mati\u00e8re de cookies via les param\u00e8tres de votre navigateur. 6. Liens externes :Le site peut contenir des liens vers d&rsquo;autres sites. D&amp;DRONES ne peut \u00eatre tenu responsable du contenu de ces sites. 7. Contact :Pour toute question ou demande d&rsquo;information, vous pouvez nous contacter \u00e0 l&rsquo;adresse suivante : contact@ddrones.fr.\" \/>\n<meta property=\"og:url\" content=\"https:\/\/www.christelle-vardis-psy.fr\/?page_id=922\" \/>\n<meta property=\"article:modified_time\" content=\"2025-03-07T07:22:59+00:00\" \/>\n<meta name=\"twitter:card\" content=\"summary_large_image\" \/>\n<meta name=\"twitter:label1\" content=\"Dur\u00e9e de lecture estim\u00e9e\" \/>\n\t<meta name=\"twitter:data1\" content=\"2 minutes\" \/>\n<script type=\"application\/ld+json\" class=\"yoast-schema-graph\">{\"@context\":\"https:\\\/\\\/schema.org\",\"@graph\":[{\"@type\":\"WebPage\",\"@id\":\"https:\\\/\\\/www.christelle-vardis-psy.fr\\\/?page_id=922\",\"url\":\"https:\\\/\\\/www.christelle-vardis-psy.fr\\\/?page_id=922\",\"name\":\"Mentions l\u00e9gales -\",\"isPartOf\":{\"@id\":\"https:\\\/\\\/www.christelle-vardis-psy.fr\\\/#website\"},\"datePublished\":\"2025-03-07T07:20:40+00:00\",\"dateModified\":\"2025-03-07T07:22:59+00:00\",\"breadcrumb\":{\"@id\":\"https:\\\/\\\/www.christelle-vardis-psy.fr\\\/?page_id=922#breadcrumb\"},\"inLanguage\":\"fr-FR\",\"potentialAction\":[{\"@type\":\"ReadAction\",\"target\":[\"https:\\\/\\\/www.christelle-vardis-psy.fr\\\/?page_id=922\"]}]},{\"@type\":\"BreadcrumbList\",\"@id\":\"https:\\\/\\\/www.christelle-vardis-psy.fr\\\/?page_id=922#breadcrumb\",\"itemListElement\":[{\"@type\":\"ListItem\",\"position\":1,\"name\":\"Accueil\",\"item\":\"https:\\\/\\\/www.christelle-vardis-psy.fr\\\/\"},{\"@type\":\"ListItem\",\"position\":2,\"name\":\"Mentions l\u00e9gales\"}]},{\"@type\":\"WebSite\",\"@id\":\"https:\\\/\\\/www.christelle-vardis-psy.fr\\\/#website\",\"url\":\"https:\\\/\\\/www.christelle-vardis-psy.fr\\\/\",\"name\":\"\",\"description\":\"\",\"potentialAction\":[{\"@type\":\"SearchAction\",\"target\":{\"@type\":\"EntryPoint\",\"urlTemplate\":\"https:\\\/\\\/www.christelle-vardis-psy.fr\\\/?s={search_term_string}\"},\"query-input\":{\"@type\":\"PropertyValueSpecification\",\"valueRequired\":true,\"valueName\":\"search_term_string\"}}],\"inLanguage\":\"fr-FR\"}]}<\/script>\n<!-- \/ Yoast SEO plugin. -->","yoast_head_json":{"title":"Mentions l\u00e9gales -","robots":{"index":"index","follow":"follow","max-snippet":"max-snippet:-1","max-image-preview":"max-image-preview:large","max-video-preview":"max-video-preview:-1"},"canonical":"https:\/\/www.christelle-vardis-psy.fr\/?page_id=922","og_locale":"fr_FR","og_type":"article","og_title":"Mentions l\u00e9gales -","og_description":"1. Pr\u00e9sentation du site :Le site internet \u00ab\u00a0christelle-vardis-psy.fr\u00a0\u00bb est \u00e9dit\u00e9 par la soci\u00e9t\u00e9 D&amp;DRONES, immatricul\u00e9e au registre du commerce sous le num\u00e9ro SIRET 94858873600017. 2. H\u00e9bergement :Le site est h\u00e9berg\u00e9 par Hostinger.Adresse : Hostinger International Ltd, 61 Lordou Vironos Street, 6023 Larnaca, Chypre. 3. Propri\u00e9t\u00e9 intellectuelle :Les contenus (textes, images, vid\u00e9os) pr\u00e9sents sur le site sont la propri\u00e9t\u00e9 de D&amp;DRONES ou de tiers ayant autoris\u00e9 leur utilisation. Certaines photos et vid\u00e9os proviennent du site Motion Array. Toute reproduction, m\u00eame partielle, est interdite sans autorisation pr\u00e9alable. 4. Protection des donn\u00e9es personnelles :Conform\u00e9ment \u00e0 la loi n\u00b0 78-17 du 6 janvier 1978 relative \u00e0 l&rsquo;informatique, aux fichiers et aux libert\u00e9s, ainsi qu&rsquo;au R\u00e8glement G\u00e9n\u00e9ral sur la Protection des Donn\u00e9es (RGPD) (UE) 2016\/679, vous disposez d&rsquo;un droit d&rsquo;acc\u00e8s, de rectification et de suppression des donn\u00e9es vous concernant. Pour exercer ce droit, vous pouvez nous contacter \u00e0 l&rsquo;adresse suivante : contact@ddrones.fr 5. Cookies :Le site utilise des cookies pour am\u00e9liorer l&rsquo;exp\u00e9rience utilisateur. Vous pouvez g\u00e9rer vos pr\u00e9f\u00e9rences en mati\u00e8re de cookies via les param\u00e8tres de votre navigateur. 6. Liens externes :Le site peut contenir des liens vers d&rsquo;autres sites. D&amp;DRONES ne peut \u00eatre tenu responsable du contenu de ces sites. 7. Contact :Pour toute question ou demande d&rsquo;information, vous pouvez nous contacter \u00e0 l&rsquo;adresse suivante : contact@ddrones.fr.","og_url":"https:\/\/www.christelle-vardis-psy.fr\/?page_id=922","article_modified_time":"2025-03-07T07:22:59+00:00","twitter_card":"summary_large_image","twitter_misc":{"Dur\u00e9e de lecture estim\u00e9e":"2 minutes"},"schema":{"@context":"https:\/\/schema.org","@graph":[{"@type":"WebPage","@id":"https:\/\/www.christelle-vardis-psy.fr\/?page_id=922","url":"https:\/\/www.christelle-vardis-psy.fr\/?page_id=922","name":"Mentions l\u00e9gales -","isPartOf":{"@id":"https:\/\/www.christelle-vardis-psy.fr\/#website"},"datePublished":"2025-03-07T07:20:40+00:00","dateModified":"2025-03-07T07:22:59+00:00","breadcrumb":{"@id":"https:\/\/www.christelle-vardis-psy.fr\/?page_id=922#breadcrumb"},"inLanguage":"fr-FR","potentialAction":[{"@type":"ReadAction","target":["https:\/\/www.christelle-vardis-psy.fr\/?page_id=922"]}]},{"@type":"BreadcrumbList","@id":"https:\/\/www.christelle-vardis-psy.fr\/?page_id=922#breadcrumb","itemListElement":[{"@type":"ListItem","position":1,"name":"Accueil","item":"https:\/\/www.christelle-vardis-psy.fr\/"},{"@type":"ListItem","position":2,"name":"Mentions l\u00e9gales"}]},{"@type":"WebSite","@id":"https:\/\/www.christelle-vardis-psy.fr\/#website","url":"https:\/\/www.christelle-vardis-psy.fr\/","name":"","description":"","potentialAction":[{"@type":"SearchAction","target":{"@type":"EntryPoint","urlTemplate":"https:\/\/www.christelle-vardis-psy.fr\/?s={search_term_string}"},"query-input":{"@type":"PropertyValueSpecification","valueRequired":true,"valueName":"search_term_string"}}],"inLanguage":"fr-FR"}]}},"_links":{"self":[{"href":"https:\/\/christelle-vardis-psy.fr\/index.php?rest_route=\/wp\/v2\/pages\/922","targetHints":{"allow":["GET"]}}],"collection":[{"href":"https:\/\/christelle-vardis-psy.fr\/index.php?rest_route=\/wp\/v2\/pages"}],"about":[{"href":"https:\/\/christelle-vardis-psy.fr\/index.php?rest_route=\/wp\/v2\/types\/page"}],"author":[{"embeddable":true,"href":"https:\/\/christelle-vardis-psy.fr\/index.php?rest_route=\/wp\/v2\/users\/1"}],"replies":[{"embeddable":true,"href":"https:\/\/christelle-vardis-psy.fr\/index.php?rest_route=%2Fwp%2Fv2%2Fcomments&post=922"}],"version-history":[{"count":7,"href":"https:\/\/christelle-vardis-psy.fr\/index.php?rest_route=\/wp\/v2\/pages\/922\/revisions"}],"predecessor-version":[{"id":929,"href":"https:\/\/christelle-vardis-psy.fr\/index.php?rest_route=\/wp\/v2\/pages\/922\/revisions\/929"}],"wp:attachment":[{"href":"https:\/\/christelle-vardis-psy.fr\/index.php?rest_route=%2Fwp%2Fv2%2Fmedia&parent=922"}],"curies":[{"name":"wp","href":"https:\/\/api.w.org\/{rel}","templated":true}]}}